{"id":1338,"date":"2018-05-23T22:41:17","date_gmt":"2018-05-23T22:41:17","guid":{"rendered":"https:\/\/turkeco.com\/yesil-bina-danismanligi\/"},"modified":"2019-03-07T15:24:46","modified_gmt":"2019-03-07T12:24:46","slug":"green-buildings","status":"publish","type":"page","link":"https:\/\/turkeco.com\/en\/services-turkeco-green-building-consulting\/green-buildings\/","title":{"rendered":"Green Buildings"},"content":{"rendered":"<p>[vc_row][vc_column][vc_column_text]<\/p>\n<h4><strong>SUSTAINABLE BUILDING DESIGN CONSULTANCY<\/strong><\/h4>\n<p style=\"text-align: justify;\">The rapid decline in fossil fuels and the consequent increase in energy prices pave the way for and even mandate the use of renewable energy and low-energy consuming high-performance buildings.<\/p>\n<p>As TURKECO, we consult for the issues of high-performance building design such as::<\/p>\n<ul>\n<li>High-efficiency heating -cooling and ventilation (HVAC) equipment selection<\/li>\n<li>Maximum use of renewable energy systems,<\/li>\n<li>Low-intensity lighting equipment selection,<\/li>\n<li>Choice of building layout and structural elements suitable for external climate conditions<\/li>\n<\/ul>\n<p style=\"text-align: justify;\">Our design consultancy is done using computer aided energy simulation and also guiding for optimization studies. The energy simulation programs we select according to the projects vary. Our professionals, trained in different programs from Energy Plus to Design Builder, guide designers to make the most efficient buildings.<\/p>\n<p>[\/vc_column_text][\/vc_column][\/vc_row][vc_row full_width=&#8221;stretch_row&#8221; css=&#8221;.vc_custom_1527089768569{background-color: rgba(64,122,209,0.2) !important;*background-color: rgb(64,122,209) !important;}&#8221;][vc_column][vc_column_text]<\/p>\n<h4 style=\"text-align: justify;\"><strong>SUSTAINABLE INTERIOR DESIGN CONSULTANCY<\/strong><\/h4>\n<p style=\"text-align: justify;\">There are many factors that influence sustainable interior design. The importance given to human health is more prominent in a project designed with these factors in mind. Considering that we spend most of our daily time in workplaces, schools and homes, the importance to be given to the quality of the interior is better understood. Particularly in places such as workplaces where there is a high employee population, positive contribution to indoor quality, work performance and work efficiency is observed.<\/p>\n<p style=\"text-align: justify;\"><strong>Indoor Air Quality<\/strong><\/p>\n<p style=\"text-align: justify;\">In volumes where there is a high human density, such as offices, high-rise buildings and conference halls where high air demand is needed, it is necessary to transfer the fresh air from the external environment instead of removing the dirty air from the interior environment. Depending on the venting requirements, international standards must be taken into account and energy savings should also be ensured. Health problems that are heard by public recently, such as Tight Building Syndrome (TBS) and Sick Building Syndrome (SBS) are linked directly to indoor air quality of buildings. Symptoms such as tiredness, headache and concentration difficulties can be observed on people working under low air quality conditions after a certain period of time.<\/p>\n<p style=\"text-align: justify;\"><strong>Low Emission Material Selection<\/strong><\/p>\n<p style=\"text-align: justify;\">Indoor air quality directly affects human health, comfort and work efficiency in buildings. Especially, Volatile Organic Compounds (VOCs) found in indoor air are among the most effective indoor pollutants which negatively affect human health and indoor air quality. The most important sources of volatile organic compounds are materials used in construction and decoration. Building materials such as paints, varnishes, adhesives and flooring are among the most important sources of VOCs. Due to their rapid evaporation properties, construction products that contains VOCs affect mostly construction workers and building occupants. For this reason, it is very important to use low-VOC emission and ecological materials in paints, coatings and adhesives during building construction.<\/p>\n<p style=\"text-align: justify;\"><strong>Daylight and Landscape<\/strong><\/p>\n<p style=\"text-align: justify;\">Daylight, in the buildings that were designed correctly, has a positive impact on human health and psychology, as well as reducing the energy need of the building. As the need for electrical lighting during the day will decrease, the energy need will also decrease. Natural lighting (daylight) also plays a role in balancing the heating and cooling load of the building.<\/p>\n<p>[\/vc_column_text][\/vc_column][\/vc_row][vc_row][vc_column][vc_column_text]<\/p>\n<h4 style=\"text-align: justify;\"><strong>IMPROVEMENT IN EXISTING BUILDINGS<\/strong><\/h4>\n<p style=\"text-align: justify;\">In order to regulate the protection of the environment, limitation of greenhouse gas emissions in terms of primary energy and carbon dioxide (CO2) emissions of buildings and making the existing buildings energy-efficient has an important role in the world and in our country. The work in this direction has accelerated along with the implementation of the Building Energy Performance Regulation and the (Energy Performance Certificate) (Enerji Kimlik Belgesi) EKB.<\/p>\n<p>As a member of the Chamber of Civil Engineers, we enable you to see the effects of selected equipment and applications in the building by providing you with an Energy Performance Certificate (EKB) and about transforming the existing building into an energy efficient state by measuring the performance of your building by using energy modeling. Through standards and modeling results independent of equipment brands, we give the employer an opportunity to choose from different product ranges.<\/p>\n<p>[\/vc_column_text][\/vc_column][\/vc_row][vc_row full_width=&#8221;stretch_row&#8221; css=&#8221;.vc_custom_1527089768569{background-color: rgba(64,122,209,0.2) !important;*background-color: rgb(64,122,209) !important;}&#8221;][vc_column][vc_column_text]<\/p>\n<h4 style=\"text-align: justify;\"><strong>ENERGY AND DAYLIGHT SIMULATION<\/strong><\/h4>\n<p>Due to the depletion of resources in the world and the increasing damage to the environment, \u2018\u2019Efficient use of energy and water\u2019\u2019 has become increasingly important. Building energy simulations have been used in building design and construction processes in order to use energy and water more effectively and efficiently.<\/p>\n<p>As TURKECO, from the design stage to the usage of the building, we are at your side based on the integrated project team work.<\/p>\n<p>By completing the energy simulation and offer efficient solutions and results for the building and green building certification systems (LEED, BREEAM).<\/p>\n<ul style=\"text-align: justify;\">\n<li>With the building energy simulation, we find the amount of energy consumed per hour, daily, monthly and yearly in our building. In this way, the energy to be consumed is known during the project design phase<\/li>\n<li>Building energy loads for heating, cooling, ventilation and accordingly equipment at the most suitable capacity can be selected. The teams in the project are offered alternatives in terms of materials and equipment.<\/li>\n<li>We find the highest percentage of energy improvement for green building certification systems compared to the reference building. We can approach the project from the design stage to energy-oriented.<\/li>\n<li>The use of renewable energy sources is encouraged and the percentage of consumption to be covered is determined.<\/li>\n<\/ul>\n<p style=\"text-align: justify;\"><strong>DAY LIGHT SIMULATION<\/strong><\/p>\n<p style=\"text-align: justify;\">By daylight simulations in energy efficient building design; The project teams are guided in the design phase and in the improvement of existing buildings in many areas such as the selection of the building\u2019s location, orientation, the shadow effect of other buildings, utilization of natural lighting.<\/p>\n<p>[\/vc_column_text][\/vc_column][\/vc_row][vc_row][vc_column][vc_column_text]<\/p>\n<h4 style=\"text-align: justify;\"><strong>ENERGY PERFORMANCE CERTIFICATE<\/strong><\/h4>\n<p>According to the Regulation on Energy Performance in Buildings (BEP) published in accordance with the Law on Energy Efficiency No. 5627, it is mandatory to issue an Energy Performance Certificate (EKB) for all new buildings with a total construction area above 1,000 m2 after of January 1, 2011 and also mandatory to get the same certification for the existing buildings by 1 January 2020.<\/p>\n<p>An Energy Performance Certificate (EKB) is required in the works and transactions related to the purchase, sale and leasing of buildings or independent sections. The buildings which are not in compliance with BEP (Energy Performance in Buildings) will not be granted building permit by the relevant administration. Our company, which is a member of Chamber of Civil Engineers and having active S\u0130M (Independent Civil Engineers) Certificate, gives Energy Performance Certification. Our field of expertise is \u2018\u2019STRUCTURE\u2019\u2019.[\/vc_column_text][\/vc_column][\/vc_row][vc_row full_width=&#8221;stretch_row&#8221; disable_element=&#8221;yes&#8221; css=&#8221;.vc_custom_1551957159133{background-color: rgba(64,122,209,0.2) !important;*background-color: rgb(64,122,209) !important;}&#8221;][vc_column][vc_column_text]<\/p>\n<h4 style=\"text-align: justify;\"><strong>SIFIR ENERJ\u0130 EVLER<\/strong><\/h4>\n<p style=\"text-align: justify;\">S\u00fcrd\u00fcr\u00fclebilir binalar\u0131n temel ama\u00e7lar\u0131ndan biri olan enerji ihtiyac\u0131n\u0131n b\u00fcy\u00fck \u00f6l\u00e7\u00fcde azalt\u0131m\u0131, s\u0131f\u0131r enerjili evlerle\u00a0 m\u00fcmk\u00fcn olmaktad\u0131r. Sa\u011flad\u0131\u011f\u0131 ekonomik ve \u00e7evresel avantajlar ve sa\u011fl\u0131kl\u0131 i\u00e7 ortam ko\u015fullar\u0131 nedeniyle kullan\u0131c\u0131lar taraf\u0131ndan tercih edilmektedir.<\/p>\n<p>Yeni ve mevcut projelerde uygulanmas\u0131 m\u00fcmk\u00fcn olan s\u0131f\u0131r enerji uygulamalar\u0131 ile binan\u0131za gelen enerji kontrol ederek, kaynaklar\u0131n korunmas\u0131n\u0131 ve binalardan kaynaklanan karbon sal\u0131m\u0131n\u0131 azaltabilirsiniz<\/p>\n<p>[\/vc_column_text][\/vc_column][\/vc_row][vc_row full_width=&#8221;stretch_row&#8221; css=&#8221;.vc_custom_1527090271033{background-color: rgba(107,204,63,0.2) !important;*background-color: rgb(107,204,63) !important;}&#8221;][vc_column width=&#8221;1\/6&#8243;][\/vc_column][vc_column width=&#8221;2\/3&#8243;][vc_column_text]<\/p>\n<p style=\"text-align: center;\"><div class=\"frm_forms  with_frm_style frm_inline_form frm_style_formidable-style-2\" id=\"frm_form_7_container\" >\n<form enctype=\"multipart\/form-data\" method=\"post\" class=\"frm-show-form \" id=\"form_contact23\" >\n<div class=\"frm_form_fields \">\n<fieldset>\n<legend class=\"frm_screen_reader\">GET INFORMED<\/legend>\r\n<h3 class=\"frm_form_title\">GET INFORMED<\/h3>\r\n<div class=\"frm_description\"><p>You can register to our newsletter and stay informed about us.<\/p>\n<\/div><div class=\"frm_fields_container\">\n<input type=\"hidden\" name=\"frm_action\" value=\"create\" \/>\n<input type=\"hidden\" name=\"form_id\" value=\"7\" \/>\n<input type=\"hidden\" name=\"frm_hide_fields_7\" id=\"frm_hide_fields_7\" value=\"\" \/>\n<input type=\"hidden\" name=\"form_key\" value=\"contact23\" \/>\n<input type=\"hidden\" name=\"item_meta[0]\" value=\"\" \/>\n<input type=\"hidden\" id=\"frm_submit_entry_7\" name=\"frm_submit_entry_7\" value=\"af59d65e50\" \/><input type=\"hidden\" name=\"_wp_http_referer\" value=\"\/en\/wp-json\/wp\/v2\/pages\/1338\" \/><div id=\"frm_field_18_container\" class=\"frm_form_field form-field  frm_required_field frm_inline_container frm_first frm_third\">\r\n    <label for=\"field_qh4icy33\" class=\"frm_primary_label\">Name\r\n        <span class=\"frm_required\"><\/span>\r\n    <\/label>\r\n    <input type=\"text\" id=\"field_qh4icy33\" name=\"item_meta[18]\" value=\"\"  data-reqmsg=\"Name cannot be blank.\" aria-required=\"true\" data-invmsg=\"Name is invalid\" aria-invalid=\"false\"  \/>\r\n    \r\n    \r\n<\/div>\n<div id=\"frm_field_19_container\" class=\"frm_form_field form-field  frm_required_field frm_inline_container frm_last frm_third\">\r\n    <label for=\"field_29yf4d33\" class=\"frm_primary_label\">Email\r\n        <span class=\"frm_required\"><\/span>\r\n    <\/label>\r\n    <input type=\"email\" id=\"field_29yf4d33\" name=\"item_meta[19]\" value=\"\"  data-reqmsg=\"Email cannot be blank.\" aria-required=\"true\" data-invmsg=\"Please enter a valid email address\" aria-invalid=\"false\"  \/>\r\n    \r\n    \r\n<\/div>\n<div id=\"frm_field_26_container\" class=\"frm_form_field form-field  frm_none_container\">\r\n    <div  id=\"field_zrlvm_label\" class=\"frm_primary_label\">reCAPTCHA\r\n        <span class=\"frm_required\"><\/span>\r\n    <\/div>\r\n    <div  id=\"field_zrlvm\" class=\"frm-g-recaptcha\" data-sitekey=\"6LeitsMUAAAAAFu9xNkIZ6wO1hWyOAUSJ9OJKq0M\" data-size=\"normal\" data-theme=\"light\"><\/div>\r\n    \r\n    \r\n<\/div>\n<div id=\"frm_field_28_container\" class=\"frm_form_field form-field \">\n\t<div class=\"frm_submit frm_third frm_inline_submit\">\r\n\r\n<button class=\"frm_button_submit\" type=\"submit\"  >REGISTER<\/button>\r\n\r\n<\/div>\n<\/div>\n\t<input type=\"hidden\" name=\"item_key\" value=\"\" \/>\n\t\t\t<div id=\"frm_field_29_container\">\n\t\t\t<label for=\"field_trleb\" >\n\t\t\t\tIf you are human, leave this field blank.\t\t\t<\/label>\n\t\t\t<input  id=\"field_trleb\" type=\"text\" class=\"frm_form_field form-field frm_verify\" name=\"item_meta[29]\" value=\"\"  \/>\n\t\t<\/div>\n\t\t<input name=\"frm_state\" type=\"hidden\" value=\"5y7BvnK9XyBiEPNebzi5qIlAF\/WeMKxhbqAuXkBo8j0=\" \/><\/div>\n<\/fieldset>\n<\/div>\n\n<\/form>\n<\/div>\n<p>[\/vc_column_text][\/vc_column][vc_column width=&#8221;1\/6&#8243;][\/vc_column][\/vc_row]<\/p>\n","protected":false},"excerpt":{"rendered":"<p>[vc_row][vc_column][vc_column_text] SUSTAINABLE BUILDING DESIGN CONSULTANCY The rapid decline in fossil fuels and the consequent increase in energy prices pave the<span class=\"excerpt-hellip\"> [\u2026]<\/span><\/p>\n","protected":false},"author":1,"featured_media":0,"parent":1789,"menu_order":0,"comment_status":"closed","ping_status":"closed","template":"","meta":{"footnotes":""},"class_list":["post-1338","page","type-page","status-publish","hentry"],"yoast_head":"<!-- This site is optimized with the Yoast SEO plugin v26.5 - https:\/\/yoast.com\/wordpress\/plugins\/seo\/ -->\n<title>Green Buildings - TURKECO - Ye\u015fil Bina Dan\u0131\u015fmanl\u0131\u011f\u0131<\/title>\n<meta name=\"robots\" content=\"index, follow, max-snippet:-1, max-image-preview:large, max-video-preview:-1\" \/>\n<link rel=\"canonical\" href=\"https:\/\/turkeco.com\/en\/services-turkeco-green-building-consulting\/green-buildings\/\" \/>\n<meta property=\"og:locale\" content=\"en_US\" \/>\n<meta property=\"og:type\" content=\"article\" \/>\n<meta property=\"og:title\" content=\"Green Buildings - TURKECO - Ye\u015fil Bina Dan\u0131\u015fmanl\u0131\u011f\u0131\" \/>\n<meta property=\"og:description\" content=\"[vc_row][vc_column][vc_column_text] SUSTAINABLE BUILDING DESIGN CONSULTANCY The rapid decline in fossil fuels and the consequent increase in energy prices pave the [\u2026]\" \/>\n<meta property=\"og:url\" content=\"https:\/\/turkeco.com\/en\/services-turkeco-green-building-consulting\/green-buildings\/\" \/>\n<meta property=\"og:site_name\" content=\"TURKECO - Ye\u015fil Bina Dan\u0131\u015fmanl\u0131\u011f\u0131\" \/>\n<meta property=\"article:modified_time\" content=\"2019-03-07T12:24:46+00:00\" \/>\n<meta name=\"twitter:card\" content=\"summary_large_image\" \/>\n<meta name=\"twitter:label1\" content=\"Est. reading time\" \/>\n\t<meta name=\"twitter:data1\" content=\"7 minutes\" \/>\n<script type=\"application\/ld+json\" class=\"yoast-schema-graph\">{\"@context\":\"https:\/\/schema.org\",\"@graph\":[{\"@type\":\"WebPage\",\"@id\":\"https:\/\/turkeco.com\/en\/services-turkeco-green-building-consulting\/green-buildings\/\",\"url\":\"https:\/\/turkeco.com\/en\/services-turkeco-green-building-consulting\/green-buildings\/\",\"name\":\"Green Buildings - TURKECO - Ye\u015fil Bina Dan\u0131\u015fmanl\u0131\u011f\u0131\",\"isPartOf\":{\"@id\":\"https:\/\/turkeco.com\/en\/#website\"},\"datePublished\":\"2018-05-23T22:41:17+00:00\",\"dateModified\":\"2019-03-07T12:24:46+00:00\",\"breadcrumb\":{\"@id\":\"https:\/\/turkeco.com\/en\/services-turkeco-green-building-consulting\/green-buildings\/#breadcrumb\"},\"inLanguage\":\"en-US\",\"potentialAction\":[{\"@type\":\"ReadAction\",\"target\":[\"https:\/\/turkeco.com\/en\/services-turkeco-green-building-consulting\/green-buildings\/\"]}]},{\"@type\":\"BreadcrumbList\",\"@id\":\"https:\/\/turkeco.com\/en\/services-turkeco-green-building-consulting\/green-buildings\/#breadcrumb\",\"itemListElement\":[{\"@type\":\"ListItem\",\"position\":1,\"name\":\"Ana sayfa\",\"item\":\"https:\/\/turkeco.com\/en\/\"},{\"@type\":\"ListItem\",\"position\":2,\"name\":\"SERVICES\",\"item\":\"https:\/\/turkeco.com\/en\/services-turkeco-green-building-consulting\/\"},{\"@type\":\"ListItem\",\"position\":3,\"name\":\"Green Buildings\"}]},{\"@type\":\"WebSite\",\"@id\":\"https:\/\/turkeco.com\/en\/#website\",\"url\":\"https:\/\/turkeco.com\/en\/\",\"name\":\"TURKECO - Ye\u015fil Bina Dan\u0131\u015fmanl\u0131\u011f\u0131\",\"description\":\"LEED Sertifikas\u0131, BREAM Sertifikas\u0131, EDGE Sertifikas\u0131, DGNB Sertifikas\u0131, \u00c7EDB\u0130K Sertifikas\u0131\",\"publisher\":{\"@id\":\"https:\/\/turkeco.com\/en\/#organization\"},\"potentialAction\":[{\"@type\":\"SearchAction\",\"target\":{\"@type\":\"EntryPoint\",\"urlTemplate\":\"https:\/\/turkeco.com\/en\/?s={search_term_string}\"},\"query-input\":{\"@type\":\"PropertyValueSpecification\",\"valueRequired\":true,\"valueName\":\"search_term_string\"}}],\"inLanguage\":\"en-US\"},{\"@type\":\"Organization\",\"@id\":\"https:\/\/turkeco.com\/en\/#organization\",\"name\":\"Turkeco Ye\u015fil Bina Dan\u0131\u015fmanl\u0131\u011f\u0131\",\"url\":\"https:\/\/turkeco.com\/en\/\",\"logo\":{\"@type\":\"ImageObject\",\"inLanguage\":\"en-US\",\"@id\":\"https:\/\/turkeco.com\/en\/#\/schema\/logo\/image\/\",\"url\":\"https:\/\/turkeco.com\/wp-content\/uploads\/2019\/07\/Logo-retina-80.png\",\"contentUrl\":\"https:\/\/turkeco.com\/wp-content\/uploads\/2019\/07\/Logo-retina-80.png\",\"width\":204,\"height\":80,\"caption\":\"Turkeco Ye\u015fil Bina Dan\u0131\u015fmanl\u0131\u011f\u0131\"},\"image\":{\"@id\":\"https:\/\/turkeco.com\/en\/#\/schema\/logo\/image\/\"}}]}<\/script>\n<!-- \/ Yoast SEO plugin. -->","yoast_head_json":{"title":"Green Buildings - TURKECO - Ye\u015fil Bina Dan\u0131\u015fmanl\u0131\u011f\u0131","robots":{"index":"index","follow":"follow","max-snippet":"max-snippet:-1","max-image-preview":"max-image-preview:large","max-video-preview":"max-video-preview:-1"},"canonical":"https:\/\/turkeco.com\/en\/services-turkeco-green-building-consulting\/green-buildings\/","og_locale":"en_US","og_type":"article","og_title":"Green Buildings - TURKECO - Ye\u015fil Bina Dan\u0131\u015fmanl\u0131\u011f\u0131","og_description":"[vc_row][vc_column][vc_column_text] SUSTAINABLE BUILDING DESIGN CONSULTANCY The rapid decline in fossil fuels and the consequent increase in energy prices pave the [\u2026]","og_url":"https:\/\/turkeco.com\/en\/services-turkeco-green-building-consulting\/green-buildings\/","og_site_name":"TURKECO - Ye\u015fil Bina Dan\u0131\u015fmanl\u0131\u011f\u0131","article_modified_time":"2019-03-07T12:24:46+00:00","twitter_card":"summary_large_image","twitter_misc":{"Est. reading time":"7 minutes"},"schema":{"@context":"https:\/\/schema.org","@graph":[{"@type":"WebPage","@id":"https:\/\/turkeco.com\/en\/services-turkeco-green-building-consulting\/green-buildings\/","url":"https:\/\/turkeco.com\/en\/services-turkeco-green-building-consulting\/green-buildings\/","name":"Green Buildings - TURKECO - Ye\u015fil Bina Dan\u0131\u015fmanl\u0131\u011f\u0131","isPartOf":{"@id":"https:\/\/turkeco.com\/en\/#website"},"datePublished":"2018-05-23T22:41:17+00:00","dateModified":"2019-03-07T12:24:46+00:00","breadcrumb":{"@id":"https:\/\/turkeco.com\/en\/services-turkeco-green-building-consulting\/green-buildings\/#breadcrumb"},"inLanguage":"en-US","potentialAction":[{"@type":"ReadAction","target":["https:\/\/turkeco.com\/en\/services-turkeco-green-building-consulting\/green-buildings\/"]}]},{"@type":"BreadcrumbList","@id":"https:\/\/turkeco.com\/en\/services-turkeco-green-building-consulting\/green-buildings\/#breadcrumb","itemListElement":[{"@type":"ListItem","position":1,"name":"Ana sayfa","item":"https:\/\/turkeco.com\/en\/"},{"@type":"ListItem","position":2,"name":"SERVICES","item":"https:\/\/turkeco.com\/en\/services-turkeco-green-building-consulting\/"},{"@type":"ListItem","position":3,"name":"Green Buildings"}]},{"@type":"WebSite","@id":"https:\/\/turkeco.com\/en\/#website","url":"https:\/\/turkeco.com\/en\/","name":"TURKECO - Ye\u015fil Bina Dan\u0131\u015fmanl\u0131\u011f\u0131","description":"LEED Sertifikas\u0131, BREAM Sertifikas\u0131, EDGE Sertifikas\u0131, DGNB Sertifikas\u0131, \u00c7EDB\u0130K Sertifikas\u0131","publisher":{"@id":"https:\/\/turkeco.com\/en\/#organization"},"potentialAction":[{"@type":"SearchAction","target":{"@type":"EntryPoint","urlTemplate":"https:\/\/turkeco.com\/en\/?s={search_term_string}"},"query-input":{"@type":"PropertyValueSpecification","valueRequired":true,"valueName":"search_term_string"}}],"inLanguage":"en-US"},{"@type":"Organization","@id":"https:\/\/turkeco.com\/en\/#organization","name":"Turkeco Ye\u015fil Bina Dan\u0131\u015fmanl\u0131\u011f\u0131","url":"https:\/\/turkeco.com\/en\/","logo":{"@type":"ImageObject","inLanguage":"en-US","@id":"https:\/\/turkeco.com\/en\/#\/schema\/logo\/image\/","url":"https:\/\/turkeco.com\/wp-content\/uploads\/2019\/07\/Logo-retina-80.png","contentUrl":"https:\/\/turkeco.com\/wp-content\/uploads\/2019\/07\/Logo-retina-80.png","width":204,"height":80,"caption":"Turkeco Ye\u015fil Bina Dan\u0131\u015fmanl\u0131\u011f\u0131"},"image":{"@id":"https:\/\/turkeco.com\/en\/#\/schema\/logo\/image\/"}}]}},"_links":{"self":[{"href":"https:\/\/turkeco.com\/en\/wp-json\/wp\/v2\/pages\/1338","targetHints":{"allow":["GET"]}}],"collection":[{"href":"https:\/\/turkeco.com\/en\/wp-json\/wp\/v2\/pages"}],"about":[{"href":"https:\/\/turkeco.com\/en\/wp-json\/wp\/v2\/types\/page"}],"author":[{"embeddable":true,"href":"https:\/\/turkeco.com\/en\/wp-json\/wp\/v2\/users\/1"}],"replies":[{"embeddable":true,"href":"https:\/\/turkeco.com\/en\/wp-json\/wp\/v2\/comments?post=1338"}],"version-history":[{"count":0,"href":"https:\/\/turkeco.com\/en\/wp-json\/wp\/v2\/pages\/1338\/revisions"}],"up":[{"embeddable":true,"href":"https:\/\/turkeco.com\/en\/wp-json\/wp\/v2\/pages\/1789"}],"wp:attachment":[{"href":"https:\/\/turkeco.com\/en\/wp-json\/wp\/v2\/media?parent=1338"}],"curies":[{"name":"wp","href":"https:\/\/api.w.org\/{rel}","templated":true}]}}