{"id":1352,"date":"2018-05-23T23:06:01","date_gmt":"2018-05-23T23:06:01","guid":{"rendered":"https:\/\/turkeco.com\/yesil-bina-sertifikasyonu\/"},"modified":"2020-12-30T20:55:05","modified_gmt":"2020-12-30T17:55:05","slug":"green-building-certifications","status":"publish","type":"page","link":"https:\/\/turkeco.com\/en\/services-turkeco-green-building-consulting\/green-building-certifications\/","title":{"rendered":"Green Building Certifications"},"content":{"rendered":"<p>[vc_row][vc_column width=&#8221;1\/4&#8243;][vc_empty_space][vc_single_image image=&#8221;1358&#8243; img_size=&#8221;full&#8221;][\/vc_column][vc_column width=&#8221;3\/4&#8243;][vc_empty_space][vc_column_text]<\/p>\n<h4 style=\"text-align: justify;\"><strong>BREEAM<\/strong><\/h4>\n<p>British based BREEAM\u00a0(Building Research Establishment Environmental Assessment Method) is an internationally recognized assessment method that draws attention to the sustainable characteristics of buildings. BREEAM was established in 1990 by BRE Global in the UK and is a green building assessment system active in more than 50 countries around the world with more than 250,000 certified buildings. BREEAM sets standards for the best implementation of sustainable design and has become the current benchmark for environmental performance throughout the life cycle of buildings. In line with BREEAM, building performance is handled under the titles Health and Comfort, Energy, Transportation, Water, Material, Waste, Land Use and Ecology, Pollution, Innovation by independent and accredited auditors. Buildings are evaluated and certified on a scale determined as Pass, Good, Very Good, Excellent and Outstanding.<\/p>\n<p>BREEAM helps building owners, users, designers and operators to produce successful and cost-effective solutions and facilitates their recognition within the market. It also continues its efforts to raise awareness of the benefits of the lifecycle approach of sustainability.<\/p>\n<p>BREEAM certificates valid in Turkey are:<\/p>\n<ul style=\"text-align: justify;\">\n<li><span style=\"color: #626262;\">BREEAM International New Buildings 2016<\/span><\/li>\n<li><span style=\"color: #626262;\">BREEAM-In-Use: Certificate for Existing Commercial Buildings<\/span><\/li>\n<li><span style=\"color: #626262;\">BREEAM Communities: Settlement \/ Neighborhood Certificate<\/span><\/li>\n<li><span style=\"color: #626262;\">BREEAM BESPOKE: Establishing criteria appropriate to the tailor-made building function or site<br \/>\n<\/span><\/li>\n<\/ul>\n<p>[\/vc_column_text][vc_empty_space][\/vc_column][\/vc_row][vc_row full_width=&#8221;stretch_row&#8221; css=&#8221;.vc_custom_1527089768569{background-color: rgba(64,122,209,0.2) !important;*background-color: rgb(64,122,209) !important;}&#8221;][vc_column width=&#8221;3\/4&#8243;][vc_empty_space][vc_column_text]<\/p>\n<h4 style=\"text-align: justify;\"><strong>LEED<\/strong><\/h4>\n<p>LEED (US based certificate which is issued by USGBC and given by GBCI)<\/p>\n<p>LEED (Leadership in Energy and Environmental Design) is an internationally recognized independent green building certification program developed by the United States Green Building Council (USGBC)<\/p>\n<p>LEED projects are designed, built and implemented in accordance with criteria that reduce the harmful impact on the environment and protect human health. LEED certified buildings implement strategies that reduce energy and water use, ensure efficient resource utilization and improve air quality. The strategies that meet the LEED criteria are awarded with a total of 110 credits, and buildings that have certain majority of these credits are eligible for LEED certification. TURKECO has been the first Turkish company to be elected to the Board of Directors of the USGBC. As a member of the Board of Directors responsible for international projects, our founder has been active in the strategies of the most important green building organization of the world. Since its establishment, TURKECO has bring projects to be awarded LEED certificate with its expert staff.<\/p>\n<p>Our expert staff has contributed to the construction of the building in accordance with LEED criteria by working with the employers and the project team in all processes from the design stage to the end of the construction. These projects have received LEED-Platinum and LEED-Gold certificates, the highest in LEED, and have proven the ecological and sustainable characteristics of their buildings. \u00a0As of March 2018, were the leading firm for receiving LEED Platinum certification for the projects we were consulting.<\/p>\n<h4 style=\"text-align: justify;\"><strong>LEED FACULTY<\/strong><\/h4>\n<p style=\"text-align: justify;\">TURKECO LEED projelerini de\u011ferlendiren, ayn\u0131 zamanda e\u011fitimci lisans\u0131 ile USGBC ile partnership anla\u015fmas\u0131 olan bir firmad\u0131r.\u00a0 Her y\u0131l yap\u0131lan GREENBUILD konferanslar\u0131na e\u011fitimci ve dan\u0131\u015fman olarak davet edilmekteyiz.<\/p>\n<p style=\"text-align: justify;\"><strong>How does LEED work?<\/strong><\/p>\n<p style=\"text-align: justify;\">LEED credits are in six categories. Within each category, there are some mandatory strategies and other strategies which give credit to the building for certification. The credit weights of the strategies are calculated by proportioning the practices with the contribution to nature and human health.<\/p>\n<ul style=\"text-align: justify;\">\n<li><span style=\"color: #626262;\">Sustainable Sites<\/span><\/li>\n<li><span style=\"color: #626262;\">Water Efficiency<\/span><\/li>\n<li><span style=\"color: #626262;\">Energy and Atmosphere<\/span><\/li>\n<li><span style=\"color: #626262;\">Material and Resources<\/span><\/li>\n<li><span style=\"color: #626262;\">Indoor Air Quality<\/span><\/li>\n<li><span style=\"color: #626262;\">Innovation in Design<br \/>\n<\/span><\/li>\n<\/ul>\n<h4 style=\"text-align: justify;\"><strong>Which buildings can achieve LEED certification?<\/strong><\/h4>\n<p style=\"text-align: justify;\">The LEED evaluation system is divided into groups. These systems are classified according to the type and function of the buildings.<\/p>\n<p>[\/vc_column_text][vc_tta_tabs][vc_tta_section title=&#8221;LEED BD+C&#8221; tab_id=&#8221;1527116051625-d5bcd831-86ed&#8221;][vc_column_text]<strong>Building Design and Construction (LEED BD+C):<\/strong>New construction or renovation projects<\/p>\n<p><strong>Categories<\/strong><\/p>\n<table border=\"0\" width=\"1000\">\n<tbody>\n<tr>\n<td style=\"text-align: left;\" width=\"495\"><span style=\"font-weight: 400;\">New Building <\/span><\/td>\n<td style=\"text-align: left;\" width=\"495\"><span style=\"font-weight: 400;\">Health Centers <\/span><\/td>\n<\/tr>\n<tr>\n<td style=\"text-align: left;\"><span style=\"font-weight: 400;\">Core and Shell <\/span><\/td>\n<td style=\"text-align: left;\"><span style=\"font-weight: 400;\">Data Centers <\/span><\/td>\n<\/tr>\n<tr>\n<td style=\"text-align: left;\">Schools<\/td>\n<td style=\"text-align: left;\">Hotel<\/td>\n<\/tr>\n<tr>\n<td style=\"text-align: left;\">Retail<\/td>\n<td style=\"text-align: left;\">Warehouse and Distribution Centers<\/td>\n<\/tr>\n<\/tbody>\n<\/table>\n<p>[\/vc_column_text][\/vc_tta_section][vc_tta_section title=&#8221;LEED ID+C&#8221; tab_id=&#8221;1527116051707-580db592-daa9&#8243;][vc_column_text]<strong>Interior Design and Construction (LEED ID+C):<\/strong>\u00a0Interior design projects for commercial buildings<\/p>\n<p><strong>Categories<\/strong><\/p>\n<table border=\"0\" width=\"1000\">\n<tbody>\n<tr>\n<td style=\"text-align: left;\" width=\"495\"><span style=\"font-weight: 400;\">Corporate Interiors <\/span><\/td>\n<td style=\"text-align: left;\" width=\"495\">Hotel<\/td>\n<\/tr>\n<tr>\n<td style=\"text-align: left;\">Retail<\/td>\n<td><\/td>\n<\/tr>\n<\/tbody>\n<\/table>\n<p>[\/vc_column_text][\/vc_tta_section][vc_tta_section title=&#8221;LEED O+M)&#8221; tab_id=&#8221;1527116539773-86d668f2-3b0d&#8221;][vc_column_text]<strong>Building Operations and Maintenance (LEED O+M):<\/strong>\u00a0Improvement projects for existing buildings<\/p>\n<p><strong>Categories<\/strong><\/p>\n<table border=\"0\" width=\"1000\">\n<tbody>\n<tr>\n<td style=\"text-align: left;\" width=\"495\"><span style=\"font-weight: 400;\">Existing buildings <\/span><\/td>\n<td style=\"text-align: left;\" width=\"495\">Hotel<\/td>\n<\/tr>\n<tr>\n<td style=\"text-align: left;\"><span style=\"font-weight: 400;\">Data Centers <\/span><\/td>\n<td style=\"text-align: left;\">School<\/td>\n<\/tr>\n<tr>\n<td style=\"text-align: left;\"><span style=\"font-weight: 400;\">Warehouse and Distribution Centers <\/span><\/td>\n<td style=\"text-align: left;\">Retail<\/td>\n<\/tr>\n<\/tbody>\n<\/table>\n<p>[\/vc_column_text][\/vc_tta_section][vc_tta_section title=&#8221;LEED ND&#8221; tab_id=&#8221;1527116650882-6be9f5b5-ba98&#8243;][vc_column_text]<strong>Neighborhood Development (LEED ND):<\/strong>\u00a0Neighborhood projects that consist of more than one building<\/p>\n<p><strong>Categories<\/strong><\/p>\n<table border=\"0\" width=\"1000\">\n<tbody>\n<tr>\n<td style=\"text-align: left;\" width=\"495\">Plan<\/td>\n<td style=\"text-align: left;\" width=\"495\">Project<\/td>\n<\/tr>\n<\/tbody>\n<\/table>\n<p>[\/vc_column_text][\/vc_tta_section][vc_tta_section title=&#8221;Homes&#8221; tab_id=&#8221;1527116700638-58cc995b-f256&#8243;][vc_column_text]<strong>Homes:<\/strong>\u00a0\u00a0Low-rise housing projects<\/p>\n<p><strong>Categories<\/strong><\/p>\n<table border=\"0\" width=\"1000\">\n<tbody>\n<tr>\n<td style=\"text-align: left;\" width=\"495\">Singular Housing<\/td>\n<td style=\"text-align: left;\" width=\"495\">Multi Family 4-6 Storey Houses<\/td>\n<\/tr>\n<tr>\n<td style=\"text-align: left;\" width=\"495\">Multi Family 1-3 Storey Houses<\/td>\n<td style=\"text-align: left;\" width=\"495\"><\/td>\n<\/tr>\n<\/tbody>\n<\/table>\n<p>[\/vc_column_text][\/vc_tta_section][\/vc_tta_tabs][\/vc_column][vc_column width=&#8221;1\/4&#8243;][vc_empty_space][vc_single_image image=&#8221;1357&#8243; img_size=&#8221;full&#8221;][\/vc_column][\/vc_row][vc_row][vc_column width=&#8221;1\/4&#8243;][vc_empty_space][vc_single_image image=&#8221;1813&#8243; img_size=&#8221;full&#8221;][\/vc_column][vc_column width=&#8221;3\/4&#8243;][vc_empty_space][vc_column_text]<\/p>\n<h4 style=\"text-align: justify;\"><strong>DGNB<\/strong><\/h4>\n<p>DGNB is a system established with the partnership of the German Sustainable Building Council and the German United Ministry of Transport, Construction and Urban Affairs for planning and evaluation of the building with a quality perspective. This certificate covers the economic and social factors that are not in the content of other international certificates; therefore, it exceeds the green level and is called the Sustainability Certificate. The German Sustainable Building Certificate, which is structured in a scientifically structured manner, includes all relevant sustainable building issues. Six items that affect the assessment are as follows: Ecology, Economics, Social Cultural and Operational issues, technical issues, Land Settlement and Processes. DGNB documents the building it examines at three different levels such as Bronze, Silver and Gold.<\/p>\n<p>The certificate is based on the implementation of sustainable building aims set at the starting point of the project in accordance with the integrated design principles. Thus, sustainable structures can be designed according to the latest technology and can document their quality with this new certificate.[\/vc_column_text][vc_empty_space][\/vc_column][\/vc_row][vc_row full_width=&#8221;stretch_row&#8221; css=&#8221;.vc_custom_1527089768569{background-color: rgba(64,122,209,0.2) !important;*background-color: rgb(64,122,209) !important;}&#8221;][vc_column width=&#8221;3\/4&#8243;][vc_empty_space][vc_column_text]<\/p>\n<h4 style=\"text-align: justify;\"><strong>EDGE <\/strong><\/h4>\n<p style=\"text-align: justify;\">EDGE is a way to make a green building \u201cQuick\u201d, \u201cEasy\u201d and \u201cEconomical\u201d, in more than 130 countries that Turkey is also included. EDGE provides a measurable way for project teams and property developers to optimize their designs according to local criteria. With its ever-growing scope, EDGE can be used for new and existing buildings, including residences, offices, health buildings, retail sector structures and hotels.<\/p>\n<p style=\"text-align: justify;\">EDGE is supported by free and online software for everyone. EDGE Software, available from Edgebuildings.com, provides results specific to project\u2019s location, using local costs and climate data. The detailed modeling and calculations behind the simple user interface provide users with detailed information about not only the efficiency of their buildings, but also the additional costs, investment costs and return on investment times.<\/p>\n<p style=\"text-align: justify;\">EDGE Standard is the framework of the system&#8217;s numerical approach. In order to achieve the EDGE standard and to receive the certification, the projects must ensure a minimum 20% efficiency in energy consumption, water use and embodied energy in the materials compared to the reference building prepared in accordance with local standards. A project that achieves at least 20% efficiency in each of the fields -embodied energy, water and materials- is eligible for the EDGE Green Building Certificate.<\/p>\n<p>[\/vc_column_text][vc_empty_space][\/vc_column][vc_column width=&#8221;1\/4&#8243;][vc_empty_space][vc_single_image image=&#8221;1354&#8243; img_size=&#8221;full&#8221;][\/vc_column][\/vc_row][vc_row][vc_column width=&#8221;1\/4&#8243;][vc_empty_space][vc_single_image image=&#8221;1356&#8243; img_size=&#8221;full&#8221;][\/vc_column][vc_column width=&#8221;3\/4&#8243;][vc_empty_space][vc_column_text]<\/p>\n<h4 style=\"text-align: justify;\"><strong>WELL<\/strong><\/h4>\n<p>The WELL Building Standard is a certification system based on a thorough comprehensive review of existing research on the impact of space on users, and a detailed scientific and technical evaluation,<br \/>\nWell is the result of seven years of extensive research in collaboration with leading health professionals, scientists and industry professionals.<\/p>\n<p>The WELL Building Standard is the first standard to focus only on the health and well-being of users of the building, and consists of 7 basic concepts and 100 performance measures, design strategies and policies that can be implemented by building users, designers, engineers, contractors and building operators.<\/p>\n<p>WELL Building Standard is applicable to commercial and institutional buildings and WELL Certification can be applied to three building typologies. These are;<\/p>\n<ol style=\"text-align: justify;\">\n<li><span style=\"font-weight: 400;\"> New and Existing Buildings<\/span><\/li>\n<li><span style=\"font-weight: 400;\">New and Existing Interiors<\/span><\/li>\n<li><span style=\"font-weight: 400;\">Core and Shell<br \/>\n<\/span><\/li>\n<\/ol>\n<p>In order to fulfill the requirements of the WELL Building Standard, the environment must be evaluated, and performance tests should be done, by third parties.<\/p>\n<p>WELL Certified spaces and buildings help users improve their eating habits, activity levels, mood, sleep patterns, comfort conditions and performances in the built environment.<\/p>\n<p>WELL is managed by the International WELL Building Institute (IWBI) and third-party certification is carried out in collaboration with Green Business Certification Inc. (GBCI).[\/vc_column_text][vc_empty_space][\/vc_column][\/vc_row][vc_row full_width=&#8221;stretch_row&#8221; css=&#8221;.vc_custom_1527089768569{background-color: rgba(64,122,209,0.2) !important;*background-color: rgb(64,122,209) !important;}&#8221;][vc_column][vc_empty_space][vc_column_text]<\/p>\n<h4 style=\"text-align: justify;\"><strong>INFRASTRUCTURE CERTIFICATIONS<\/strong><\/h4>\n<p style=\"text-align: justify;\"><strong>CEEQUAL<\/strong><\/p>\n<p>CEEQUAL is the evidence-based sustainability assessment, rating and awards scheme for civil engineering, infrastructure, landscaping and public realm projects. Benefits of CEEQUAL:<\/p>\n<p>Delivers more sustainable Civil Engineering projects, Enables performance improvement, Delivers better value and reduces costs, Demonstrates commitment to sustainability best practice, Enhances team collaboration, Enables benchmarking and knowledge sharing[\/vc_column_text][vc_empty_space][\/vc_column][\/vc_row][vc_row][vc_column][vc_empty_space][vc_column_text]<\/p>\n<h4 style=\"text-align: justify;\"><strong>ENVISION<\/strong><\/h4>\n<p>Envision is a framework that provides the guidance needed to initiate this systemic change in the planning, design and delivery of sustainable and resilient infrastructure. Envision is a decision-making guide, not a set of prescriptive measures. Envision provides industry-wide sustainability metrics for all types and sizes of infrastructure to help users assess and measure the extent to which their project contributes to conditions of sustainability across the full range of social, economic, and environmental indicators.[\/vc_column_text][vc_empty_space][\/vc_column][\/vc_row]<\/p>\n","protected":false},"excerpt":{"rendered":"<p>[vc_row][vc_column width=&#8221;1\/4&#8243;][vc_empty_space][vc_single_image image=&#8221;1358&#8243; img_size=&#8221;full&#8221;][\/vc_column][vc_column width=&#8221;3\/4&#8243;][vc_empty_space][vc_column_text] BREEAM British based BREEAM\u00a0(Building Research Establishment Environmental Assessment Method) is an internationally recognized assessment method<span class=\"excerpt-hellip\"> [\u2026]<\/span><\/p>\n","protected":false},"author":1,"featured_media":0,"parent":1789,"menu_order":0,"comment_status":"closed","ping_status":"closed","template":"","meta":{"footnotes":""},"class_list":["post-1352","page","type-page","status-publish","hentry"],"yoast_head":"<!-- This site is optimized with the Yoast SEO plugin v26.5 - https:\/\/yoast.com\/wordpress\/plugins\/seo\/ -->\n<title>Green Building Certifications | TURKECO - Green Building Consulting<\/title>\n<meta name=\"description\" content=\"Green Building Certifications: British based BREEAM\u00a0(Building Research Establishment Environmental Assessment Method) is an internatio...\" \/>\n<meta name=\"robots\" content=\"index, follow, max-snippet:-1, max-image-preview:large, max-video-preview:-1\" \/>\n<link rel=\"canonical\" href=\"https:\/\/turkeco.com\/en\/services-turkeco-green-building-consulting\/green-building-certifications\/\" \/>\n<meta property=\"og:locale\" content=\"en_US\" \/>\n<meta property=\"og:type\" content=\"article\" \/>\n<meta property=\"og:title\" content=\"Green Building Certifications | TURKECO - Green Building Consulting\" \/>\n<meta property=\"og:description\" content=\"Green Building Certifications: British based BREEAM\u00a0(Building Research Establishment Environmental Assessment Method) is an internatio...\" \/>\n<meta property=\"og:url\" content=\"https:\/\/turkeco.com\/en\/services-turkeco-green-building-consulting\/green-building-certifications\/\" \/>\n<meta property=\"og:site_name\" content=\"TURKECO - Ye\u015fil Bina Dan\u0131\u015fmanl\u0131\u011f\u0131\" \/>\n<meta property=\"article:modified_time\" content=\"2020-12-30T17:55:05+00:00\" \/>\n<meta name=\"twitter:card\" content=\"summary_large_image\" \/>\n<meta name=\"twitter:label1\" content=\"Est. reading time\" \/>\n\t<meta name=\"twitter:data1\" content=\"9 minutes\" \/>\n<script type=\"application\/ld+json\" class=\"yoast-schema-graph\">{\"@context\":\"https:\/\/schema.org\",\"@graph\":[{\"@type\":\"WebPage\",\"@id\":\"https:\/\/turkeco.com\/en\/services-turkeco-green-building-consulting\/green-building-certifications\/\",\"url\":\"https:\/\/turkeco.com\/en\/services-turkeco-green-building-consulting\/green-building-certifications\/\",\"name\":\"Green Building Certifications | TURKECO - Green Building Consulting\",\"isPartOf\":{\"@id\":\"https:\/\/turkeco.com\/en\/#website\"},\"datePublished\":\"2018-05-23T23:06:01+00:00\",\"dateModified\":\"2020-12-30T17:55:05+00:00\",\"description\":\"Green Building Certifications: British based BREEAM\u00a0(Building Research Establishment Environmental Assessment Method) is an internatio...\",\"breadcrumb\":{\"@id\":\"https:\/\/turkeco.com\/en\/services-turkeco-green-building-consulting\/green-building-certifications\/#breadcrumb\"},\"inLanguage\":\"en-US\",\"potentialAction\":[{\"@type\":\"ReadAction\",\"target\":[\"https:\/\/turkeco.com\/en\/services-turkeco-green-building-consulting\/green-building-certifications\/\"]}]},{\"@type\":\"BreadcrumbList\",\"@id\":\"https:\/\/turkeco.com\/en\/services-turkeco-green-building-consulting\/green-building-certifications\/#breadcrumb\",\"itemListElement\":[{\"@type\":\"ListItem\",\"position\":1,\"name\":\"Ana sayfa\",\"item\":\"https:\/\/turkeco.com\/en\/\"},{\"@type\":\"ListItem\",\"position\":2,\"name\":\"SERVICES\",\"item\":\"https:\/\/turkeco.com\/en\/services-turkeco-green-building-consulting\/\"},{\"@type\":\"ListItem\",\"position\":3,\"name\":\"Green Building Certifications\"}]},{\"@type\":\"WebSite\",\"@id\":\"https:\/\/turkeco.com\/en\/#website\",\"url\":\"https:\/\/turkeco.com\/en\/\",\"name\":\"TURKECO - Ye\u015fil Bina Dan\u0131\u015fmanl\u0131\u011f\u0131\",\"description\":\"LEED Sertifikas\u0131, BREAM Sertifikas\u0131, EDGE Sertifikas\u0131, DGNB Sertifikas\u0131, \u00c7EDB\u0130K Sertifikas\u0131\",\"publisher\":{\"@id\":\"https:\/\/turkeco.com\/en\/#organization\"},\"potentialAction\":[{\"@type\":\"SearchAction\",\"target\":{\"@type\":\"EntryPoint\",\"urlTemplate\":\"https:\/\/turkeco.com\/en\/?s={search_term_string}\"},\"query-input\":{\"@type\":\"PropertyValueSpecification\",\"valueRequired\":true,\"valueName\":\"search_term_string\"}}],\"inLanguage\":\"en-US\"},{\"@type\":\"Organization\",\"@id\":\"https:\/\/turkeco.com\/en\/#organization\",\"name\":\"Turkeco Ye\u015fil Bina Dan\u0131\u015fmanl\u0131\u011f\u0131\",\"url\":\"https:\/\/turkeco.com\/en\/\",\"logo\":{\"@type\":\"ImageObject\",\"inLanguage\":\"en-US\",\"@id\":\"https:\/\/turkeco.com\/en\/#\/schema\/logo\/image\/\",\"url\":\"https:\/\/turkeco.com\/wp-content\/uploads\/2019\/07\/Logo-retina-80.png\",\"contentUrl\":\"https:\/\/turkeco.com\/wp-content\/uploads\/2019\/07\/Logo-retina-80.png\",\"width\":204,\"height\":80,\"caption\":\"Turkeco Ye\u015fil Bina Dan\u0131\u015fmanl\u0131\u011f\u0131\"},\"image\":{\"@id\":\"https:\/\/turkeco.com\/en\/#\/schema\/logo\/image\/\"}}]}<\/script>\n<!-- \/ Yoast SEO plugin. -->","yoast_head_json":{"title":"Green Building Certifications | TURKECO - Green Building Consulting","description":"Green Building Certifications: British based BREEAM\u00a0(Building Research Establishment Environmental Assessment Method) is an internatio...","robots":{"index":"index","follow":"follow","max-snippet":"max-snippet:-1","max-image-preview":"max-image-preview:large","max-video-preview":"max-video-preview:-1"},"canonical":"https:\/\/turkeco.com\/en\/services-turkeco-green-building-consulting\/green-building-certifications\/","og_locale":"en_US","og_type":"article","og_title":"Green Building Certifications | TURKECO - Green Building Consulting","og_description":"Green Building Certifications: British based BREEAM\u00a0(Building Research Establishment Environmental Assessment Method) is an internatio...","og_url":"https:\/\/turkeco.com\/en\/services-turkeco-green-building-consulting\/green-building-certifications\/","og_site_name":"TURKECO - Ye\u015fil Bina Dan\u0131\u015fmanl\u0131\u011f\u0131","article_modified_time":"2020-12-30T17:55:05+00:00","twitter_card":"summary_large_image","twitter_misc":{"Est. reading time":"9 minutes"},"schema":{"@context":"https:\/\/schema.org","@graph":[{"@type":"WebPage","@id":"https:\/\/turkeco.com\/en\/services-turkeco-green-building-consulting\/green-building-certifications\/","url":"https:\/\/turkeco.com\/en\/services-turkeco-green-building-consulting\/green-building-certifications\/","name":"Green Building Certifications | TURKECO - Green Building Consulting","isPartOf":{"@id":"https:\/\/turkeco.com\/en\/#website"},"datePublished":"2018-05-23T23:06:01+00:00","dateModified":"2020-12-30T17:55:05+00:00","description":"Green Building Certifications: British based BREEAM\u00a0(Building Research Establishment Environmental Assessment Method) is an internatio...","breadcrumb":{"@id":"https:\/\/turkeco.com\/en\/services-turkeco-green-building-consulting\/green-building-certifications\/#breadcrumb"},"inLanguage":"en-US","potentialAction":[{"@type":"ReadAction","target":["https:\/\/turkeco.com\/en\/services-turkeco-green-building-consulting\/green-building-certifications\/"]}]},{"@type":"BreadcrumbList","@id":"https:\/\/turkeco.com\/en\/services-turkeco-green-building-consulting\/green-building-certifications\/#breadcrumb","itemListElement":[{"@type":"ListItem","position":1,"name":"Ana sayfa","item":"https:\/\/turkeco.com\/en\/"},{"@type":"ListItem","position":2,"name":"SERVICES","item":"https:\/\/turkeco.com\/en\/services-turkeco-green-building-consulting\/"},{"@type":"ListItem","position":3,"name":"Green Building Certifications"}]},{"@type":"WebSite","@id":"https:\/\/turkeco.com\/en\/#website","url":"https:\/\/turkeco.com\/en\/","name":"TURKECO - Ye\u015fil Bina Dan\u0131\u015fmanl\u0131\u011f\u0131","description":"LEED Sertifikas\u0131, BREAM Sertifikas\u0131, EDGE Sertifikas\u0131, DGNB Sertifikas\u0131, \u00c7EDB\u0130K Sertifikas\u0131","publisher":{"@id":"https:\/\/turkeco.com\/en\/#organization"},"potentialAction":[{"@type":"SearchAction","target":{"@type":"EntryPoint","urlTemplate":"https:\/\/turkeco.com\/en\/?s={search_term_string}"},"query-input":{"@type":"PropertyValueSpecification","valueRequired":true,"valueName":"search_term_string"}}],"inLanguage":"en-US"},{"@type":"Organization","@id":"https:\/\/turkeco.com\/en\/#organization","name":"Turkeco Ye\u015fil Bina Dan\u0131\u015fmanl\u0131\u011f\u0131","url":"https:\/\/turkeco.com\/en\/","logo":{"@type":"ImageObject","inLanguage":"en-US","@id":"https:\/\/turkeco.com\/en\/#\/schema\/logo\/image\/","url":"https:\/\/turkeco.com\/wp-content\/uploads\/2019\/07\/Logo-retina-80.png","contentUrl":"https:\/\/turkeco.com\/wp-content\/uploads\/2019\/07\/Logo-retina-80.png","width":204,"height":80,"caption":"Turkeco Ye\u015fil Bina Dan\u0131\u015fmanl\u0131\u011f\u0131"},"image":{"@id":"https:\/\/turkeco.com\/en\/#\/schema\/logo\/image\/"}}]}},"_links":{"self":[{"href":"https:\/\/turkeco.com\/en\/wp-json\/wp\/v2\/pages\/1352","targetHints":{"allow":["GET"]}}],"collection":[{"href":"https:\/\/turkeco.com\/en\/wp-json\/wp\/v2\/pages"}],"about":[{"href":"https:\/\/turkeco.com\/en\/wp-json\/wp\/v2\/types\/page"}],"author":[{"embeddable":true,"href":"https:\/\/turkeco.com\/en\/wp-json\/wp\/v2\/users\/1"}],"replies":[{"embeddable":true,"href":"https:\/\/turkeco.com\/en\/wp-json\/wp\/v2\/comments?post=1352"}],"version-history":[{"count":0,"href":"https:\/\/turkeco.com\/en\/wp-json\/wp\/v2\/pages\/1352\/revisions"}],"up":[{"embeddable":true,"href":"https:\/\/turkeco.com\/en\/wp-json\/wp\/v2\/pages\/1789"}],"wp:attachment":[{"href":"https:\/\/turkeco.com\/en\/wp-json\/wp\/v2\/media?parent=1352"}],"curies":[{"name":"wp","href":"https:\/\/api.w.org\/{rel}","templated":true}]}}