{"id":1364,"date":"2018-05-23T23:33:48","date_gmt":"2018-05-23T23:33:48","guid":{"rendered":"https:\/\/turkeco.com\/egitimler\/"},"modified":"2020-12-30T20:42:58","modified_gmt":"2020-12-30T17:42:58","slug":"trainings","status":"publish","type":"page","link":"https:\/\/turkeco.com\/en\/services-turkeco-green-building-consulting\/trainings\/","title":{"rendered":"Trainings"},"content":{"rendered":"<p>[vc_row 0=&#8221;&#8221;][vc_column 0=&#8221;&#8221;][vc_column_text 0=&#8221;&#8221;]<\/p>\n<h4 style=\"text-align: justify;\"><strong>Sustainable Materials Training<\/strong><\/h4>\n<p>In addition to building the LCA works for the projects undertaken by TURKECO, we ensure that the labels required by the material criteria are received for our projects aiming to obtain a certificate. We provide project-based trainings to employers in this field.<\/p>\n<ul>\n<li>BREEAM Material credits<\/li>\n<li>LEED v4 Material credits<\/li>\n<li>LEED v4. Building LCA credits<\/li>\n<li style=\"text-align: justify;\">Building LCA credits of DGNB<\/li>\n<\/ul>\n<p>[\/vc_column_text][\/vc_column][\/vc_row][vc_row full_width=&#8221;stretch_row&#8221; css=&#8221;.vc_custom_1527089768569{background-color: rgba(64,122,209,0.2) !important;*background-color: rgb(64,122,209) !important;}&#8221;][vc_column 0=&#8221;&#8221;][vc_column_text 0=&#8221;&#8221;]<\/p>\n<h4><strong>Professional Engineering (P.E.) Trainings<\/strong><\/h4>\n<p>The professional \u00a0engineering license (PE) is provided by the NCEES (National Council of Examiners for Engineering and Surveying) in the United States, which is a non-profit organization in the fields of engineering and land surveying (cadastral) expertise. First 1891 in California, including all states in the United States in 1950, Engineering Registration Law was established. Starting from 1965, a Proficient engineering exam has been started in every state. It was first introduced in South Korea in 2008 and later in Egypt, Japan and Saudi Arabia. ????For the first time in Turkey, first and second stages of the exam, proficient engineering exam (FE) of our founders is made at the ITU campus to the students with the education given by our PEs. \u00a0Our company is the only firm training as\u00a0 P.E. licensed. \u00a0The P.E. licence helps us with the construction criteria of the LEED certificate on behalf of GBCI and thus the ESC Plans are not subject to further evaluation in the United States.<\/p>\n<p><strong>LEED trainings:<\/strong> The employees of \u00c7EDB\u0130K and USGBC have been the volunteer trainers of \u00c7EDB\u0130K since LEED trainings. We provide training for DGNB \/ BREEAM \/ LEED certificates within the scope of our projects and projects that we carry out in Turkey and abroad. Our LEED FACULTY and DGNB licensed trainers offer workshops that have different lengths of training. Our LEED AP, DGNB and BREEAM accredited experts are ready to assist you in your projects.<\/p>\n<p><strong>MUNICIPALITIES:<\/strong> Our founder worked as the director of the C-40 and Clinton Climate Initative projects, drawing a green road map for the municipalities with the trainings he has prepared within the program.<\/p>\n<p>Green Housing and Green Credit trainings are provided to banks by expert teams within our company.[\/vc_column_text][\/vc_column][\/vc_row][vc_row full_width=&#8221;stretch_row&#8221;][vc_column width=&#8221;1\/6&#8243;][\/vc_column][vc_column width=&#8221;2\/3&#8243;][vc_btn title=&#8221;Please click for your training requests.&#8221; style=&#8221;flat&#8221; color=&#8221;warning&#8221; size=&#8221;lg&#8221; align=&#8221;center&#8221; button_block=&#8221;true&#8221; link=&#8221;url:info%40turkeco.com.tr&#8221;][\/vc_column][vc_column width=&#8221;1\/6&#8243;][\/vc_column][\/vc_row]<\/p>\n","protected":false},"excerpt":{"rendered":"<p>[vc_row 0=&#8221;&#8221;][vc_column 0=&#8221;&#8221;][vc_column_text 0=&#8221;&#8221;] Sustainable Materials Training In addition to building the LCA works for the projects undertaken by TURKECO,<span class=\"excerpt-hellip\"> [\u2026]<\/span><\/p>\n","protected":false},"author":1,"featured_media":0,"parent":1789,"menu_order":0,"comment_status":"closed","ping_status":"closed","template":"","meta":{"footnotes":""},"class_list":["post-1364","page","type-page","status-publish","hentry"],"yoast_head":"<!-- This site is optimized with the Yoast SEO plugin v26.5 - https:\/\/yoast.com\/wordpress\/plugins\/seo\/ -->\n<title>Green Building Trainings | TURKECO - Green Building Consulting<\/title>\n<meta name=\"description\" content=\"Green Building Trainings: In addition to building the LCA works for the projects undertaken by TURKECO, we ensure that the labels required...\" \/>\n<meta name=\"robots\" content=\"index, follow, max-snippet:-1, max-image-preview:large, max-video-preview:-1\" \/>\n<link rel=\"canonical\" href=\"https:\/\/turkeco.com\/en\/services-turkeco-green-building-consulting\/trainings\/\" \/>\n<meta property=\"og:locale\" content=\"en_US\" \/>\n<meta property=\"og:type\" content=\"article\" \/>\n<meta property=\"og:title\" content=\"Green Building Trainings | TURKECO - Green Building Consulting\" \/>\n<meta property=\"og:description\" content=\"Green Building Trainings: In addition to building the LCA works for the projects undertaken by TURKECO, we ensure that the labels required...\" \/>\n<meta property=\"og:url\" content=\"https:\/\/turkeco.com\/en\/services-turkeco-green-building-consulting\/trainings\/\" \/>\n<meta property=\"og:site_name\" content=\"TURKECO - Ye\u015fil Bina Dan\u0131\u015fmanl\u0131\u011f\u0131\" \/>\n<meta property=\"article:modified_time\" content=\"2020-12-30T17:42:58+00:00\" \/>\n<meta name=\"twitter:card\" content=\"summary_large_image\" \/>\n<meta name=\"twitter:label1\" content=\"Est. reading time\" \/>\n\t<meta name=\"twitter:data1\" content=\"2 minutes\" \/>\n<script type=\"application\/ld+json\" class=\"yoast-schema-graph\">{\"@context\":\"https:\/\/schema.org\",\"@graph\":[{\"@type\":\"WebPage\",\"@id\":\"https:\/\/turkeco.com\/en\/services-turkeco-green-building-consulting\/trainings\/\",\"url\":\"https:\/\/turkeco.com\/en\/services-turkeco-green-building-consulting\/trainings\/\",\"name\":\"Green Building Trainings | TURKECO - Green Building Consulting\",\"isPartOf\":{\"@id\":\"https:\/\/turkeco.com\/en\/#website\"},\"datePublished\":\"2018-05-23T23:33:48+00:00\",\"dateModified\":\"2020-12-30T17:42:58+00:00\",\"description\":\"Green Building Trainings: In addition to building the LCA works for the projects undertaken by TURKECO, we ensure that the labels required...\",\"breadcrumb\":{\"@id\":\"https:\/\/turkeco.com\/en\/services-turkeco-green-building-consulting\/trainings\/#breadcrumb\"},\"inLanguage\":\"en-US\",\"potentialAction\":[{\"@type\":\"ReadAction\",\"target\":[\"https:\/\/turkeco.com\/en\/services-turkeco-green-building-consulting\/trainings\/\"]}]},{\"@type\":\"BreadcrumbList\",\"@id\":\"https:\/\/turkeco.com\/en\/services-turkeco-green-building-consulting\/trainings\/#breadcrumb\",\"itemListElement\":[{\"@type\":\"ListItem\",\"position\":1,\"name\":\"Ana sayfa\",\"item\":\"https:\/\/turkeco.com\/en\/\"},{\"@type\":\"ListItem\",\"position\":2,\"name\":\"SERVICES\",\"item\":\"https:\/\/turkeco.com\/en\/services-turkeco-green-building-consulting\/\"},{\"@type\":\"ListItem\",\"position\":3,\"name\":\"Trainings\"}]},{\"@type\":\"WebSite\",\"@id\":\"https:\/\/turkeco.com\/en\/#website\",\"url\":\"https:\/\/turkeco.com\/en\/\",\"name\":\"TURKECO - Ye\u015fil Bina Dan\u0131\u015fmanl\u0131\u011f\u0131\",\"description\":\"LEED Sertifikas\u0131, BREAM Sertifikas\u0131, EDGE Sertifikas\u0131, DGNB Sertifikas\u0131, \u00c7EDB\u0130K Sertifikas\u0131\",\"publisher\":{\"@id\":\"https:\/\/turkeco.com\/en\/#organization\"},\"potentialAction\":[{\"@type\":\"SearchAction\",\"target\":{\"@type\":\"EntryPoint\",\"urlTemplate\":\"https:\/\/turkeco.com\/en\/?s={search_term_string}\"},\"query-input\":{\"@type\":\"PropertyValueSpecification\",\"valueRequired\":true,\"valueName\":\"search_term_string\"}}],\"inLanguage\":\"en-US\"},{\"@type\":\"Organization\",\"@id\":\"https:\/\/turkeco.com\/en\/#organization\",\"name\":\"Turkeco Ye\u015fil Bina Dan\u0131\u015fmanl\u0131\u011f\u0131\",\"url\":\"https:\/\/turkeco.com\/en\/\",\"logo\":{\"@type\":\"ImageObject\",\"inLanguage\":\"en-US\",\"@id\":\"https:\/\/turkeco.com\/en\/#\/schema\/logo\/image\/\",\"url\":\"https:\/\/turkeco.com\/wp-content\/uploads\/2019\/07\/Logo-retina-80.png\",\"contentUrl\":\"https:\/\/turkeco.com\/wp-content\/uploads\/2019\/07\/Logo-retina-80.png\",\"width\":204,\"height\":80,\"caption\":\"Turkeco Ye\u015fil Bina Dan\u0131\u015fmanl\u0131\u011f\u0131\"},\"image\":{\"@id\":\"https:\/\/turkeco.com\/en\/#\/schema\/logo\/image\/\"}}]}<\/script>\n<!-- \/ Yoast SEO plugin. -->","yoast_head_json":{"title":"Green Building Trainings | TURKECO - Green Building Consulting","description":"Green Building Trainings: In addition to building the LCA works for the projects undertaken by TURKECO, we ensure that the labels required...","robots":{"index":"index","follow":"follow","max-snippet":"max-snippet:-1","max-image-preview":"max-image-preview:large","max-video-preview":"max-video-preview:-1"},"canonical":"https:\/\/turkeco.com\/en\/services-turkeco-green-building-consulting\/trainings\/","og_locale":"en_US","og_type":"article","og_title":"Green Building Trainings | TURKECO - Green Building Consulting","og_description":"Green Building Trainings: In addition to building the LCA works for the projects undertaken by TURKECO, we ensure that the labels required...","og_url":"https:\/\/turkeco.com\/en\/services-turkeco-green-building-consulting\/trainings\/","og_site_name":"TURKECO - Ye\u015fil Bina Dan\u0131\u015fmanl\u0131\u011f\u0131","article_modified_time":"2020-12-30T17:42:58+00:00","twitter_card":"summary_large_image","twitter_misc":{"Est. reading time":"2 minutes"},"schema":{"@context":"https:\/\/schema.org","@graph":[{"@type":"WebPage","@id":"https:\/\/turkeco.com\/en\/services-turkeco-green-building-consulting\/trainings\/","url":"https:\/\/turkeco.com\/en\/services-turkeco-green-building-consulting\/trainings\/","name":"Green Building Trainings | TURKECO - Green Building Consulting","isPartOf":{"@id":"https:\/\/turkeco.com\/en\/#website"},"datePublished":"2018-05-23T23:33:48+00:00","dateModified":"2020-12-30T17:42:58+00:00","description":"Green Building Trainings: In addition to building the LCA works for the projects undertaken by TURKECO, we ensure that the labels required...","breadcrumb":{"@id":"https:\/\/turkeco.com\/en\/services-turkeco-green-building-consulting\/trainings\/#breadcrumb"},"inLanguage":"en-US","potentialAction":[{"@type":"ReadAction","target":["https:\/\/turkeco.com\/en\/services-turkeco-green-building-consulting\/trainings\/"]}]},{"@type":"BreadcrumbList","@id":"https:\/\/turkeco.com\/en\/services-turkeco-green-building-consulting\/trainings\/#breadcrumb","itemListElement":[{"@type":"ListItem","position":1,"name":"Ana sayfa","item":"https:\/\/turkeco.com\/en\/"},{"@type":"ListItem","position":2,"name":"SERVICES","item":"https:\/\/turkeco.com\/en\/services-turkeco-green-building-consulting\/"},{"@type":"ListItem","position":3,"name":"Trainings"}]},{"@type":"WebSite","@id":"https:\/\/turkeco.com\/en\/#website","url":"https:\/\/turkeco.com\/en\/","name":"TURKECO - Ye\u015fil Bina Dan\u0131\u015fmanl\u0131\u011f\u0131","description":"LEED Sertifikas\u0131, BREAM Sertifikas\u0131, EDGE Sertifikas\u0131, DGNB Sertifikas\u0131, \u00c7EDB\u0130K Sertifikas\u0131","publisher":{"@id":"https:\/\/turkeco.com\/en\/#organization"},"potentialAction":[{"@type":"SearchAction","target":{"@type":"EntryPoint","urlTemplate":"https:\/\/turkeco.com\/en\/?s={search_term_string}"},"query-input":{"@type":"PropertyValueSpecification","valueRequired":true,"valueName":"search_term_string"}}],"inLanguage":"en-US"},{"@type":"Organization","@id":"https:\/\/turkeco.com\/en\/#organization","name":"Turkeco Ye\u015fil Bina Dan\u0131\u015fmanl\u0131\u011f\u0131","url":"https:\/\/turkeco.com\/en\/","logo":{"@type":"ImageObject","inLanguage":"en-US","@id":"https:\/\/turkeco.com\/en\/#\/schema\/logo\/image\/","url":"https:\/\/turkeco.com\/wp-content\/uploads\/2019\/07\/Logo-retina-80.png","contentUrl":"https:\/\/turkeco.com\/wp-content\/uploads\/2019\/07\/Logo-retina-80.png","width":204,"height":80,"caption":"Turkeco Ye\u015fil Bina Dan\u0131\u015fmanl\u0131\u011f\u0131"},"image":{"@id":"https:\/\/turkeco.com\/en\/#\/schema\/logo\/image\/"}}]}},"_links":{"self":[{"href":"https:\/\/turkeco.com\/en\/wp-json\/wp\/v2\/pages\/1364","targetHints":{"allow":["GET"]}}],"collection":[{"href":"https:\/\/turkeco.com\/en\/wp-json\/wp\/v2\/pages"}],"about":[{"href":"https:\/\/turkeco.com\/en\/wp-json\/wp\/v2\/types\/page"}],"author":[{"embeddable":true,"href":"https:\/\/turkeco.com\/en\/wp-json\/wp\/v2\/users\/1"}],"replies":[{"embeddable":true,"href":"https:\/\/turkeco.com\/en\/wp-json\/wp\/v2\/comments?post=1364"}],"version-history":[{"count":0,"href":"https:\/\/turkeco.com\/en\/wp-json\/wp\/v2\/pages\/1364\/revisions"}],"up":[{"embeddable":true,"href":"https:\/\/turkeco.com\/en\/wp-json\/wp\/v2\/pages\/1789"}],"wp:attachment":[{"href":"https:\/\/turkeco.com\/en\/wp-json\/wp\/v2\/media?parent=1364"}],"curies":[{"name":"wp","href":"https:\/\/api.w.org\/{rel}","templated":true}]}}