{"id":1370,"date":"2018-05-23T23:26:55","date_gmt":"2018-05-23T23:26:55","guid":{"rendered":"https:\/\/turkeco.com\/kentsel-donusum-ve-gelisim-alanlari\/"},"modified":"2020-12-30T20:44:59","modified_gmt":"2020-12-30T17:44:59","slug":"urban-transformation-and-development-areas","status":"publish","type":"page","link":"https:\/\/turkeco.com\/en\/services-turkeco-green-building-consulting\/urban-transformation-and-development-areas\/","title":{"rendered":"Urban Transformation and Development Areas"},"content":{"rendered":"<p>[vc_row full_width=&#8221;stretch_row&#8221;][vc_column width=&#8221;3\/4&#8243;][vc_column_text 0=&#8221;&#8221;]<\/p>\n<h4 style=\"text-align: justify;\"><strong>BREEAM Communities<\/strong><\/h4>\n<p style=\"text-align: justify;\">BREEAM (Site \/ neighborhood certificate):<br \/>\nBREEAM Site \/ neighborhood certificate. The BREEAM methodology as an independent and third-party assessment and certification standard is based on European Union norms. BREEAM method of settlement evaluation involves the evaluation and certification of the design and plans of the site and larger scale regions. By integrating sustainable design into the master plan process, it enables the development, grading and certification of large-scale development plans in terms of social, environmental and economic sustainability.<\/p>\n<p>At the earliest stage of the design process, issues and opportunities that affect sustainability are evaluated within the framework of this system, and local sustainability is implemented to local management, master plan professionals and business developers.<\/p>\n<h4 style=\"text-align: justify;\">Our company, the only company licensed BREEAM Communities in Turkey since 2012, successfully carries out national and international projects.<\/h4>\n<p>[\/vc_column_text][\/vc_column][vc_column width=&#8221;1\/4&#8243;][vc_single_image image=&#8221;1358&#8243; img_size=&#8221;full&#8221;][\/vc_column][\/vc_row][vc_row 0=&#8221;&#8221; full_width=&#8221;stretch_row&#8221; css=&#8221;.vc_custom_1551963131300{background-color: rgba(64,122,209,0.2) !important;*background-color: rgb(64,122,209) !important;}&#8221;][vc_column width=&#8221;1\/4&#8243;][vc_single_image image=&#8221;1357&#8243; img_size=&#8221;full&#8221; css=&#8221;.vc_custom_1551963190975{background-color: #ffffff !important;}&#8221;][\/vc_column][vc_column width=&#8221;3\/4&#8243;][vc_column_text 0=&#8221;&#8221;]<\/p>\n<h4 style=\"text-align: justify;\"><strong>LEED Neighborhood<\/strong><\/h4>\n<p>The LEED Neighborhood certificate addresses neighborhood and campus projects. LEED approves as an independent party that it is responsible for the environment with its given location, design and construction for structures, and that it applies the principles of sustainable development. Quality of life is higher in the settlements planned by applying LEED certification criteria and natural life is protected.<\/p>\n<p>The LEED ND Certification examines the project under three main categories:<\/p>\n<p><strong>Smart Location and Linkage<\/strong><\/p>\n<p>Evaluates how sustainable the project is in relation to its location and other sites. According to the economic focal points of the project, access to alternative means of transport, protection of agricultural lands, protection of wetlands, rainwater management are examined under this heading.<\/p>\n<p><strong>Neighborhood Pattern and Design<\/strong><\/p>\n<p>With the smart growth, it is aimed to establish a self-sufficient and sustainable economic, social and ecological environment. Urban design quality of the settlement, pedestrian friendly streets, cycling use, quality of life, diversity of social areas are evaluated under this heading.<\/p>\n<p><strong>Green Infrastructure and Buildings<\/strong><\/p>\n<p>It evaluates the green strategies applied to the design and construction of buildings and infrastructure within the settlement. Energy and water efficiency, renewable energy use, solar orientation, pollution prevention during construction, light pollution, waste management are evaluated under this category.<\/p>\n<p><strong>Innovation and Design Process<\/strong><\/p>\n<p>Developing innovative strategies that are not included in the LEED system and integrated design covering different stakeholders of the project are evaluated under this category.<\/p>\n<p><strong>Regional Priority<\/strong><\/p>\n<p>Improvements to the priority areas of the project, country, region and climate are rewarded with additional points within the LEED credit system.<\/p>\n<p><strong>Feasibility Studies<\/strong><\/p>\n<p>Green Buildings&#8217; use of renewable technologies will reduce carbon emissions and dependence on fossil fuels. Assessment of the situation before the technology investment decisions and offering of not only realistic and appropriate to the conditions in Turkey but also most appropriate recycling costs to the employer to deliver the best choice is a must. In almost all areas that require the use of funds and resources, it is necessary to evaluate all important matters related to the investment to be made in order to demonstrate the value of the investment to be of value and to what extent it will be profitable in the future when a job that will make a profit in the future. Preparing this report in the BREEAM system will earn points for the project even if no investment is made[\/vc_column_text][\/vc_column][\/vc_row]<\/p>\n","protected":false},"excerpt":{"rendered":"<p>[vc_row full_width=&#8221;stretch_row&#8221;][vc_column width=&#8221;3\/4&#8243;][vc_column_text 0=&#8221;&#8221;] BREEAM Communities BREEAM (Site \/ neighborhood certificate): BREEAM Site \/ neighborhood certificate. The BREEAM methodology as<span class=\"excerpt-hellip\"> [\u2026]<\/span><\/p>\n","protected":false},"author":1,"featured_media":0,"parent":1789,"menu_order":0,"comment_status":"closed","ping_status":"closed","template":"","meta":{"footnotes":""},"class_list":["post-1370","page","type-page","status-publish","hentry"],"yoast_head":"<!-- This site is optimized with the Yoast SEO plugin v26.5 - https:\/\/yoast.com\/wordpress\/plugins\/seo\/ -->\n<title>Urban Transformation and Development Areas | TURKECO<\/title>\n<meta name=\"description\" content=\"Urban Transformation and Development Areas: BREEAM Communities, LEED Neighborhood, Smart Location and Linkage, Neighborhood Pattern and...\" \/>\n<meta name=\"robots\" content=\"index, follow, max-snippet:-1, max-image-preview:large, max-video-preview:-1\" \/>\n<link rel=\"canonical\" href=\"https:\/\/turkeco.com\/en\/services-turkeco-green-building-consulting\/urban-transformation-and-development-areas\/\" \/>\n<meta property=\"og:locale\" content=\"en_US\" \/>\n<meta property=\"og:type\" content=\"article\" \/>\n<meta property=\"og:title\" content=\"Urban Transformation and Development Areas | TURKECO\" \/>\n<meta property=\"og:description\" content=\"Urban Transformation and Development Areas: BREEAM Communities, LEED Neighborhood, Smart Location and Linkage, Neighborhood Pattern and...\" \/>\n<meta property=\"og:url\" content=\"https:\/\/turkeco.com\/en\/services-turkeco-green-building-consulting\/urban-transformation-and-development-areas\/\" \/>\n<meta property=\"og:site_name\" content=\"TURKECO - Ye\u015fil Bina Dan\u0131\u015fmanl\u0131\u011f\u0131\" \/>\n<meta property=\"article:modified_time\" content=\"2020-12-30T17:44:59+00:00\" \/>\n<meta name=\"twitter:card\" content=\"summary_large_image\" \/>\n<meta name=\"twitter:label1\" content=\"Est. reading time\" \/>\n\t<meta name=\"twitter:data1\" content=\"3 minutes\" \/>\n<script type=\"application\/ld+json\" class=\"yoast-schema-graph\">{\"@context\":\"https:\/\/schema.org\",\"@graph\":[{\"@type\":\"WebPage\",\"@id\":\"https:\/\/turkeco.com\/en\/services-turkeco-green-building-consulting\/urban-transformation-and-development-areas\/\",\"url\":\"https:\/\/turkeco.com\/en\/services-turkeco-green-building-consulting\/urban-transformation-and-development-areas\/\",\"name\":\"Urban Transformation and Development Areas | TURKECO\",\"isPartOf\":{\"@id\":\"https:\/\/turkeco.com\/en\/#website\"},\"datePublished\":\"2018-05-23T23:26:55+00:00\",\"dateModified\":\"2020-12-30T17:44:59+00:00\",\"description\":\"Urban Transformation and Development Areas: BREEAM Communities, LEED Neighborhood, Smart Location and Linkage, Neighborhood Pattern and...\",\"breadcrumb\":{\"@id\":\"https:\/\/turkeco.com\/en\/services-turkeco-green-building-consulting\/urban-transformation-and-development-areas\/#breadcrumb\"},\"inLanguage\":\"en-US\",\"potentialAction\":[{\"@type\":\"ReadAction\",\"target\":[\"https:\/\/turkeco.com\/en\/services-turkeco-green-building-consulting\/urban-transformation-and-development-areas\/\"]}]},{\"@type\":\"BreadcrumbList\",\"@id\":\"https:\/\/turkeco.com\/en\/services-turkeco-green-building-consulting\/urban-transformation-and-development-areas\/#breadcrumb\",\"itemListElement\":[{\"@type\":\"ListItem\",\"position\":1,\"name\":\"Ana sayfa\",\"item\":\"https:\/\/turkeco.com\/en\/\"},{\"@type\":\"ListItem\",\"position\":2,\"name\":\"SERVICES\",\"item\":\"https:\/\/turkeco.com\/en\/services-turkeco-green-building-consulting\/\"},{\"@type\":\"ListItem\",\"position\":3,\"name\":\"Urban Transformation and Development Areas\"}]},{\"@type\":\"WebSite\",\"@id\":\"https:\/\/turkeco.com\/en\/#website\",\"url\":\"https:\/\/turkeco.com\/en\/\",\"name\":\"TURKECO - Ye\u015fil Bina Dan\u0131\u015fmanl\u0131\u011f\u0131\",\"description\":\"LEED Sertifikas\u0131, BREAM Sertifikas\u0131, EDGE Sertifikas\u0131, DGNB Sertifikas\u0131, \u00c7EDB\u0130K Sertifikas\u0131\",\"publisher\":{\"@id\":\"https:\/\/turkeco.com\/en\/#organization\"},\"potentialAction\":[{\"@type\":\"SearchAction\",\"target\":{\"@type\":\"EntryPoint\",\"urlTemplate\":\"https:\/\/turkeco.com\/en\/?s={search_term_string}\"},\"query-input\":{\"@type\":\"PropertyValueSpecification\",\"valueRequired\":true,\"valueName\":\"search_term_string\"}}],\"inLanguage\":\"en-US\"},{\"@type\":\"Organization\",\"@id\":\"https:\/\/turkeco.com\/en\/#organization\",\"name\":\"Turkeco Ye\u015fil Bina Dan\u0131\u015fmanl\u0131\u011f\u0131\",\"url\":\"https:\/\/turkeco.com\/en\/\",\"logo\":{\"@type\":\"ImageObject\",\"inLanguage\":\"en-US\",\"@id\":\"https:\/\/turkeco.com\/en\/#\/schema\/logo\/image\/\",\"url\":\"https:\/\/turkeco.com\/wp-content\/uploads\/2019\/07\/Logo-retina-80.png\",\"contentUrl\":\"https:\/\/turkeco.com\/wp-content\/uploads\/2019\/07\/Logo-retina-80.png\",\"width\":204,\"height\":80,\"caption\":\"Turkeco Ye\u015fil Bina Dan\u0131\u015fmanl\u0131\u011f\u0131\"},\"image\":{\"@id\":\"https:\/\/turkeco.com\/en\/#\/schema\/logo\/image\/\"}}]}<\/script>\n<!-- \/ Yoast SEO plugin. -->","yoast_head_json":{"title":"Urban Transformation and Development Areas | TURKECO","description":"Urban Transformation and Development Areas: BREEAM Communities, LEED Neighborhood, Smart Location and Linkage, Neighborhood Pattern and...","robots":{"index":"index","follow":"follow","max-snippet":"max-snippet:-1","max-image-preview":"max-image-preview:large","max-video-preview":"max-video-preview:-1"},"canonical":"https:\/\/turkeco.com\/en\/services-turkeco-green-building-consulting\/urban-transformation-and-development-areas\/","og_locale":"en_US","og_type":"article","og_title":"Urban Transformation and Development Areas | TURKECO","og_description":"Urban Transformation and Development Areas: BREEAM Communities, LEED Neighborhood, Smart Location and Linkage, Neighborhood Pattern and...","og_url":"https:\/\/turkeco.com\/en\/services-turkeco-green-building-consulting\/urban-transformation-and-development-areas\/","og_site_name":"TURKECO - Ye\u015fil Bina Dan\u0131\u015fmanl\u0131\u011f\u0131","article_modified_time":"2020-12-30T17:44:59+00:00","twitter_card":"summary_large_image","twitter_misc":{"Est. reading time":"3 minutes"},"schema":{"@context":"https:\/\/schema.org","@graph":[{"@type":"WebPage","@id":"https:\/\/turkeco.com\/en\/services-turkeco-green-building-consulting\/urban-transformation-and-development-areas\/","url":"https:\/\/turkeco.com\/en\/services-turkeco-green-building-consulting\/urban-transformation-and-development-areas\/","name":"Urban Transformation and Development Areas | TURKECO","isPartOf":{"@id":"https:\/\/turkeco.com\/en\/#website"},"datePublished":"2018-05-23T23:26:55+00:00","dateModified":"2020-12-30T17:44:59+00:00","description":"Urban Transformation and Development Areas: BREEAM Communities, LEED Neighborhood, Smart Location and Linkage, Neighborhood Pattern and...","breadcrumb":{"@id":"https:\/\/turkeco.com\/en\/services-turkeco-green-building-consulting\/urban-transformation-and-development-areas\/#breadcrumb"},"inLanguage":"en-US","potentialAction":[{"@type":"ReadAction","target":["https:\/\/turkeco.com\/en\/services-turkeco-green-building-consulting\/urban-transformation-and-development-areas\/"]}]},{"@type":"BreadcrumbList","@id":"https:\/\/turkeco.com\/en\/services-turkeco-green-building-consulting\/urban-transformation-and-development-areas\/#breadcrumb","itemListElement":[{"@type":"ListItem","position":1,"name":"Ana sayfa","item":"https:\/\/turkeco.com\/en\/"},{"@type":"ListItem","position":2,"name":"SERVICES","item":"https:\/\/turkeco.com\/en\/services-turkeco-green-building-consulting\/"},{"@type":"ListItem","position":3,"name":"Urban Transformation and Development Areas"}]},{"@type":"WebSite","@id":"https:\/\/turkeco.com\/en\/#website","url":"https:\/\/turkeco.com\/en\/","name":"TURKECO - Ye\u015fil Bina Dan\u0131\u015fmanl\u0131\u011f\u0131","description":"LEED Sertifikas\u0131, BREAM Sertifikas\u0131, EDGE Sertifikas\u0131, DGNB Sertifikas\u0131, \u00c7EDB\u0130K Sertifikas\u0131","publisher":{"@id":"https:\/\/turkeco.com\/en\/#organization"},"potentialAction":[{"@type":"SearchAction","target":{"@type":"EntryPoint","urlTemplate":"https:\/\/turkeco.com\/en\/?s={search_term_string}"},"query-input":{"@type":"PropertyValueSpecification","valueRequired":true,"valueName":"search_term_string"}}],"inLanguage":"en-US"},{"@type":"Organization","@id":"https:\/\/turkeco.com\/en\/#organization","name":"Turkeco Ye\u015fil Bina Dan\u0131\u015fmanl\u0131\u011f\u0131","url":"https:\/\/turkeco.com\/en\/","logo":{"@type":"ImageObject","inLanguage":"en-US","@id":"https:\/\/turkeco.com\/en\/#\/schema\/logo\/image\/","url":"https:\/\/turkeco.com\/wp-content\/uploads\/2019\/07\/Logo-retina-80.png","contentUrl":"https:\/\/turkeco.com\/wp-content\/uploads\/2019\/07\/Logo-retina-80.png","width":204,"height":80,"caption":"Turkeco Ye\u015fil Bina Dan\u0131\u015fmanl\u0131\u011f\u0131"},"image":{"@id":"https:\/\/turkeco.com\/en\/#\/schema\/logo\/image\/"}}]}},"_links":{"self":[{"href":"https:\/\/turkeco.com\/en\/wp-json\/wp\/v2\/pages\/1370","targetHints":{"allow":["GET"]}}],"collection":[{"href":"https:\/\/turkeco.com\/en\/wp-json\/wp\/v2\/pages"}],"about":[{"href":"https:\/\/turkeco.com\/en\/wp-json\/wp\/v2\/types\/page"}],"author":[{"embeddable":true,"href":"https:\/\/turkeco.com\/en\/wp-json\/wp\/v2\/users\/1"}],"replies":[{"embeddable":true,"href":"https:\/\/turkeco.com\/en\/wp-json\/wp\/v2\/comments?post=1370"}],"version-history":[{"count":0,"href":"https:\/\/turkeco.com\/en\/wp-json\/wp\/v2\/pages\/1370\/revisions"}],"up":[{"embeddable":true,"href":"https:\/\/turkeco.com\/en\/wp-json\/wp\/v2\/pages\/1789"}],"wp:attachment":[{"href":"https:\/\/turkeco.com\/en\/wp-json\/wp\/v2\/media?parent=1370"}],"curies":[{"name":"wp","href":"https:\/\/api.w.org\/{rel}","templated":true}]}}