{"id":1379,"date":"2018-05-23T23:38:07","date_gmt":"2018-05-23T23:38:07","guid":{"rendered":"https:\/\/turkeco.com\/maliyetler\/"},"modified":"2020-12-30T20:47:03","modified_gmt":"2020-12-30T17:47:03","slug":"costs","status":"publish","type":"page","link":"https:\/\/turkeco.com\/en\/services-turkeco-green-building-consulting\/costs\/","title":{"rendered":"Costs"},"content":{"rendered":"<p>[vc_row][vc_column][vc_column_text]<\/p>\n<h4 style=\"text-align: justify;\"><strong>Life Cycle Cost Anaysis (LCCA)<\/strong><\/h4>\n<p>Our team carries out Life Cycle Cost Assessment (LCC) and Life Cycle Assessment (LCA), as required by green building certification systems, and analyses solutions from cradle to cradle. This helps to collect the energy \/ water saving data and construction cost data required for the work from the beginning of the project. LCC studies are the studies that should be done at the beginning of the project to determine the optimal targets of the project. For this reason, we are the leader of the project team in master plans that meet the sustainability criteria. Different programs can be used in our projects targeting LEED, BREEAM and DGNB certification. The demand for certification systems can be costly. For this reason, our company has established a team that has expertise to use LCA software and make LCC analyzes with international solution partners.<\/p>\n<h4 style=\"text-align: justify;\"><strong>Funding for Projects<\/strong><\/h4>\n<p>Numerous sources of funding for green building are available at the national and local levels for homeowners, industry, government organizations and nonprofits. We provide consultancy to help our clients find a variety of funding sources including grants, tax-credits, loans, or others.[\/vc_column_text][\/vc_column][\/vc_row]<\/p>\n","protected":false},"excerpt":{"rendered":"<p>[vc_row][vc_column][vc_column_text] Life Cycle Cost Anaysis (LCCA) Our team carries out Life Cycle Cost Assessment (LCC) and Life Cycle Assessment (LCA),<span class=\"excerpt-hellip\"> [\u2026]<\/span><\/p>\n","protected":false},"author":1,"featured_media":0,"parent":1789,"menu_order":0,"comment_status":"closed","ping_status":"closed","template":"","meta":{"footnotes":""},"class_list":["post-1379","page","type-page","status-publish","hentry"],"yoast_head":"<!-- This site is optimized with the Yoast SEO plugin v26.5 - https:\/\/yoast.com\/wordpress\/plugins\/seo\/ -->\n<title>Life Cycle Cost Anaysis | TURKECO - Green Building Consulting<\/title>\n<meta name=\"description\" content=\"Life Cycle Cost Anaysis: Our team carries out Life Cycle Cost Assessment (LCC) and Life Cycle Assessment (LCA), as required by green building\" \/>\n<meta name=\"robots\" content=\"index, follow, max-snippet:-1, max-image-preview:large, max-video-preview:-1\" \/>\n<link rel=\"canonical\" href=\"https:\/\/turkeco.com\/en\/services-turkeco-green-building-consulting\/costs\/\" \/>\n<meta property=\"og:locale\" content=\"en_US\" \/>\n<meta property=\"og:type\" content=\"article\" \/>\n<meta property=\"og:title\" content=\"Life Cycle Cost Anaysis | TURKECO - Green Building Consulting\" \/>\n<meta property=\"og:description\" content=\"Life Cycle Cost Anaysis: Our team carries out Life Cycle Cost Assessment (LCC) and Life Cycle Assessment (LCA), as required by green building\" \/>\n<meta property=\"og:url\" content=\"https:\/\/turkeco.com\/en\/services-turkeco-green-building-consulting\/costs\/\" \/>\n<meta property=\"og:site_name\" content=\"TURKECO - Ye\u015fil Bina Dan\u0131\u015fmanl\u0131\u011f\u0131\" \/>\n<meta property=\"article:modified_time\" content=\"2020-12-30T17:47:03+00:00\" \/>\n<meta name=\"twitter:card\" content=\"summary_large_image\" \/>\n<meta name=\"twitter:label1\" content=\"Est. reading time\" \/>\n\t<meta name=\"twitter:data1\" content=\"1 minute\" \/>\n<script type=\"application\/ld+json\" class=\"yoast-schema-graph\">{\"@context\":\"https:\/\/schema.org\",\"@graph\":[{\"@type\":\"WebPage\",\"@id\":\"https:\/\/turkeco.com\/en\/services-turkeco-green-building-consulting\/costs\/\",\"url\":\"https:\/\/turkeco.com\/en\/services-turkeco-green-building-consulting\/costs\/\",\"name\":\"Life Cycle Cost Anaysis | TURKECO - Green Building Consulting\",\"isPartOf\":{\"@id\":\"https:\/\/turkeco.com\/en\/#website\"},\"datePublished\":\"2018-05-23T23:38:07+00:00\",\"dateModified\":\"2020-12-30T17:47:03+00:00\",\"description\":\"Life Cycle Cost Anaysis: Our team carries out Life Cycle Cost Assessment (LCC) and Life Cycle Assessment (LCA), as required by green building\",\"breadcrumb\":{\"@id\":\"https:\/\/turkeco.com\/en\/services-turkeco-green-building-consulting\/costs\/#breadcrumb\"},\"inLanguage\":\"en-US\",\"potentialAction\":[{\"@type\":\"ReadAction\",\"target\":[\"https:\/\/turkeco.com\/en\/services-turkeco-green-building-consulting\/costs\/\"]}]},{\"@type\":\"BreadcrumbList\",\"@id\":\"https:\/\/turkeco.com\/en\/services-turkeco-green-building-consulting\/costs\/#breadcrumb\",\"itemListElement\":[{\"@type\":\"ListItem\",\"position\":1,\"name\":\"Ana sayfa\",\"item\":\"https:\/\/turkeco.com\/en\/\"},{\"@type\":\"ListItem\",\"position\":2,\"name\":\"SERVICES\",\"item\":\"https:\/\/turkeco.com\/en\/services-turkeco-green-building-consulting\/\"},{\"@type\":\"ListItem\",\"position\":3,\"name\":\"Costs\"}]},{\"@type\":\"WebSite\",\"@id\":\"https:\/\/turkeco.com\/en\/#website\",\"url\":\"https:\/\/turkeco.com\/en\/\",\"name\":\"TURKECO - Ye\u015fil Bina Dan\u0131\u015fmanl\u0131\u011f\u0131\",\"description\":\"LEED Sertifikas\u0131, BREAM Sertifikas\u0131, EDGE Sertifikas\u0131, DGNB Sertifikas\u0131, \u00c7EDB\u0130K Sertifikas\u0131\",\"publisher\":{\"@id\":\"https:\/\/turkeco.com\/en\/#organization\"},\"potentialAction\":[{\"@type\":\"SearchAction\",\"target\":{\"@type\":\"EntryPoint\",\"urlTemplate\":\"https:\/\/turkeco.com\/en\/?s={search_term_string}\"},\"query-input\":{\"@type\":\"PropertyValueSpecification\",\"valueRequired\":true,\"valueName\":\"search_term_string\"}}],\"inLanguage\":\"en-US\"},{\"@type\":\"Organization\",\"@id\":\"https:\/\/turkeco.com\/en\/#organization\",\"name\":\"Turkeco Ye\u015fil Bina Dan\u0131\u015fmanl\u0131\u011f\u0131\",\"url\":\"https:\/\/turkeco.com\/en\/\",\"logo\":{\"@type\":\"ImageObject\",\"inLanguage\":\"en-US\",\"@id\":\"https:\/\/turkeco.com\/en\/#\/schema\/logo\/image\/\",\"url\":\"https:\/\/turkeco.com\/wp-content\/uploads\/2019\/07\/Logo-retina-80.png\",\"contentUrl\":\"https:\/\/turkeco.com\/wp-content\/uploads\/2019\/07\/Logo-retina-80.png\",\"width\":204,\"height\":80,\"caption\":\"Turkeco Ye\u015fil Bina Dan\u0131\u015fmanl\u0131\u011f\u0131\"},\"image\":{\"@id\":\"https:\/\/turkeco.com\/en\/#\/schema\/logo\/image\/\"}}]}<\/script>\n<!-- \/ Yoast SEO plugin. -->","yoast_head_json":{"title":"Life Cycle Cost Anaysis | TURKECO - Green Building Consulting","description":"Life Cycle Cost Anaysis: Our team carries out Life Cycle Cost Assessment (LCC) and Life Cycle Assessment (LCA), as required by green building","robots":{"index":"index","follow":"follow","max-snippet":"max-snippet:-1","max-image-preview":"max-image-preview:large","max-video-preview":"max-video-preview:-1"},"canonical":"https:\/\/turkeco.com\/en\/services-turkeco-green-building-consulting\/costs\/","og_locale":"en_US","og_type":"article","og_title":"Life Cycle Cost Anaysis | TURKECO - Green Building Consulting","og_description":"Life Cycle Cost Anaysis: Our team carries out Life Cycle Cost Assessment (LCC) and Life Cycle Assessment (LCA), as required by green building","og_url":"https:\/\/turkeco.com\/en\/services-turkeco-green-building-consulting\/costs\/","og_site_name":"TURKECO - Ye\u015fil Bina Dan\u0131\u015fmanl\u0131\u011f\u0131","article_modified_time":"2020-12-30T17:47:03+00:00","twitter_card":"summary_large_image","twitter_misc":{"Est. reading time":"1 minute"},"schema":{"@context":"https:\/\/schema.org","@graph":[{"@type":"WebPage","@id":"https:\/\/turkeco.com\/en\/services-turkeco-green-building-consulting\/costs\/","url":"https:\/\/turkeco.com\/en\/services-turkeco-green-building-consulting\/costs\/","name":"Life Cycle Cost Anaysis | TURKECO - Green Building Consulting","isPartOf":{"@id":"https:\/\/turkeco.com\/en\/#website"},"datePublished":"2018-05-23T23:38:07+00:00","dateModified":"2020-12-30T17:47:03+00:00","description":"Life Cycle Cost Anaysis: Our team carries out Life Cycle Cost Assessment (LCC) and Life Cycle Assessment (LCA), as required by green building","breadcrumb":{"@id":"https:\/\/turkeco.com\/en\/services-turkeco-green-building-consulting\/costs\/#breadcrumb"},"inLanguage":"en-US","potentialAction":[{"@type":"ReadAction","target":["https:\/\/turkeco.com\/en\/services-turkeco-green-building-consulting\/costs\/"]}]},{"@type":"BreadcrumbList","@id":"https:\/\/turkeco.com\/en\/services-turkeco-green-building-consulting\/costs\/#breadcrumb","itemListElement":[{"@type":"ListItem","position":1,"name":"Ana sayfa","item":"https:\/\/turkeco.com\/en\/"},{"@type":"ListItem","position":2,"name":"SERVICES","item":"https:\/\/turkeco.com\/en\/services-turkeco-green-building-consulting\/"},{"@type":"ListItem","position":3,"name":"Costs"}]},{"@type":"WebSite","@id":"https:\/\/turkeco.com\/en\/#website","url":"https:\/\/turkeco.com\/en\/","name":"TURKECO - Ye\u015fil Bina Dan\u0131\u015fmanl\u0131\u011f\u0131","description":"LEED Sertifikas\u0131, BREAM Sertifikas\u0131, EDGE Sertifikas\u0131, DGNB Sertifikas\u0131, \u00c7EDB\u0130K Sertifikas\u0131","publisher":{"@id":"https:\/\/turkeco.com\/en\/#organization"},"potentialAction":[{"@type":"SearchAction","target":{"@type":"EntryPoint","urlTemplate":"https:\/\/turkeco.com\/en\/?s={search_term_string}"},"query-input":{"@type":"PropertyValueSpecification","valueRequired":true,"valueName":"search_term_string"}}],"inLanguage":"en-US"},{"@type":"Organization","@id":"https:\/\/turkeco.com\/en\/#organization","name":"Turkeco Ye\u015fil Bina Dan\u0131\u015fmanl\u0131\u011f\u0131","url":"https:\/\/turkeco.com\/en\/","logo":{"@type":"ImageObject","inLanguage":"en-US","@id":"https:\/\/turkeco.com\/en\/#\/schema\/logo\/image\/","url":"https:\/\/turkeco.com\/wp-content\/uploads\/2019\/07\/Logo-retina-80.png","contentUrl":"https:\/\/turkeco.com\/wp-content\/uploads\/2019\/07\/Logo-retina-80.png","width":204,"height":80,"caption":"Turkeco Ye\u015fil Bina Dan\u0131\u015fmanl\u0131\u011f\u0131"},"image":{"@id":"https:\/\/turkeco.com\/en\/#\/schema\/logo\/image\/"}}]}},"_links":{"self":[{"href":"https:\/\/turkeco.com\/en\/wp-json\/wp\/v2\/pages\/1379","targetHints":{"allow":["GET"]}}],"collection":[{"href":"https:\/\/turkeco.com\/en\/wp-json\/wp\/v2\/pages"}],"about":[{"href":"https:\/\/turkeco.com\/en\/wp-json\/wp\/v2\/types\/page"}],"author":[{"embeddable":true,"href":"https:\/\/turkeco.com\/en\/wp-json\/wp\/v2\/users\/1"}],"replies":[{"embeddable":true,"href":"https:\/\/turkeco.com\/en\/wp-json\/wp\/v2\/comments?post=1379"}],"version-history":[{"count":0,"href":"https:\/\/turkeco.com\/en\/wp-json\/wp\/v2\/pages\/1379\/revisions"}],"up":[{"embeddable":true,"href":"https:\/\/turkeco.com\/en\/wp-json\/wp\/v2\/pages\/1789"}],"wp:attachment":[{"href":"https:\/\/turkeco.com\/en\/wp-json\/wp\/v2\/media?parent=1379"}],"curies":[{"name":"wp","href":"https:\/\/api.w.org\/{rel}","templated":true}]}}