{"id":1731,"date":"2018-04-10T20:10:48","date_gmt":"2018-04-10T20:10:48","guid":{"rendered":"https:\/\/turkeco.com\/anasayfa\/"},"modified":"2025-09-12T11:26:49","modified_gmt":"2025-09-12T08:26:49","slug":"anasayfa-2","status":"publish","type":"page","link":"https:\/\/turkeco.com\/en\/","title":{"rendered":"ANASAYFA"},"content":{"rendered":"<p>[vc_row][vc_column width=&#8221;1\/12&#8243;][\/vc_column][vc_column width=&#8221;10\/12&#8243;][vc_empty_space][vc_column_text]<\/p>\n<h2 style=\"text-align: center;\"><span style=\"color: #20358c;\">About Us<\/span><\/h2>\n<h4 style=\"text-align: center;\">TURKECO Construction and Energy Inc. is a team of sustainability experts accredited with sustainability certifications, providing consultancy and engineering services. Our job is consulting our clients to design and built the city infrastructures and buildings in a sustainable way. Our goal is to help building a low-carbon, climate resilient future.<\/h4>\n<p>[\/vc_column_text][vc_single_image image=&#8221;3419&#8243; img_size=&#8221;full&#8221; alignment=&#8221;center&#8221;][vc_btn title=&#8221;More Info&#8221; style=&#8221;flat&#8221; color=&#8221;success&#8221; align=&#8221;center&#8221; link=&#8221;url:https%3A%2F%2Fturkeco.com%2Fabout-us%2F|title:ABOUT%20US&#8221;][vc_empty_space][\/vc_column][vc_column width=&#8221;1\/12&#8243;][\/vc_column][\/vc_row][vc_row css=&#8221;.vc_custom_1741869524315{background-position: center !important;background-repeat: no-repeat !important;background-size: cover !important;}&#8221;][vc_column width=&#8221;1\/3&#8243;][vc_single_image image=&#8221;1773&#8243; img_size=&#8221;full&#8221; alignment=&#8221;center&#8221; onclick=&#8221;custom_link&#8221; link=&#8221;https:\/\/turkeco.com\/en\/services-turkeco-green-building-consulting\/green-buildings\/&#8221;][\/vc_column][vc_column width=&#8221;1\/3&#8243;][vc_single_image image=&#8221;3424&#8243; img_size=&#8221;full&#8221; alignment=&#8221;center&#8221; onclick=&#8221;custom_link&#8221; link=&#8221;https:\/\/turkeco.com\/en\/services-turkeco-green-building-consulting\/green-building-certifications\/&#8221;][\/vc_column][vc_column width=&#8221;1\/3&#8243;][vc_single_image image=&#8221;3260&#8243; img_size=&#8221;full&#8221; alignment=&#8221;center&#8221; onclick=&#8221;custom_link&#8221; link=&#8221;https:\/\/turkeco.com\/en\/services-turkeco-green-building-consulting\/urban-transformation-and-development-areas\/&#8221;][\/vc_column][\/vc_row][vc_row content_placement=&#8221;top&#8221; css=&#8221;.vc_custom_1741869527469{margin-top: -70px !important;background-position: center !important;background-repeat: no-repeat !important;background-size: cover !important;}&#8221;][vc_column width=&#8221;1\/3&#8243;][vc_single_image image=&#8221;3262&#8243; img_size=&#8221;full&#8221; alignment=&#8221;center&#8221; onclick=&#8221;custom_link&#8221; link=&#8221;https:\/\/turkeco.com\/en\/services-turkeco-green-building-consulting\/trainings\/&#8221;][\/vc_column][vc_column width=&#8221;1\/3&#8243;][vc_single_image image=&#8221;3264&#8243; img_size=&#8221;full&#8221; alignment=&#8221;center&#8221; onclick=&#8221;custom_link&#8221; link=&#8221;https:\/\/turkeco.com\/en\/services-turkeco-green-building-consulting\/costs\/&#8221;][\/vc_column][vc_column width=&#8221;1\/3&#8243;][vc_single_image image=&#8221;3203&#8243; img_size=&#8221;full&#8221; alignment=&#8221;center&#8221; onclick=&#8221;custom_link&#8221; link=&#8221;https:\/\/turkeco.com\/hizmetlerimiz\/kilavuzlar\/&#8221;][\/vc_column][\/vc_row][vc_row full_width=&#8221;stretch_row_content&#8221; css=&#8221;.vc_custom_1523416134022{background-image: url(https:\/\/turkeco.com\/wp-content\/uploads\/2018\/04\/projeler-background.jpg?id=153) !important;}&#8221;][vc_column width=&#8221;1\/6&#8243;][\/vc_column][vc_column width=&#8221;2\/3&#8243;][vc_column_text]<\/p>\n<h2 style=\"text-align: center;\"><strong><span style=\"color: #ffffff;\">OUR LAST PROJECTS<\/span><\/strong><\/h2>\n<p>[\/vc_column_text][vc_row_inner][vc_column_inner width=&#8221;1\/2&#8243;][vc_single_image image=&#8221;2292&#8243; img_size=&#8221;491&#215;300&#8243; alignment=&#8221;center&#8221; onclick=&#8221;custom_link&#8221; link=&#8221;https:\/\/turkeco.com\/3m-uretim-tesisi\/&#8221;][vc_column_text]<\/p>\n<h4 style=\"text-align: center;\"><a href=\"https:\/\/turkeco.com\/the-3m-production-facility-leed-certification-energy-and-thermal-modelling\/\"><span style=\"color: #ffffff;\"><strong>3M<\/strong><\/span><\/a><\/h4>\n<p>[\/vc_column_text][\/vc_column_inner][vc_column_inner width=&#8221;1\/2&#8243;][vc_single_image image=&#8221;1513&#8243; img_size=&#8221;491&#215;300&#8243; alignment=&#8221;center&#8221; onclick=&#8221;custom_link&#8221; link=&#8221;https:\/\/turkeco.com\/greenox-residence\/&#8221;][vc_column_text]<\/p>\n<h4 style=\"text-align: center;\"><span style=\"color: #ffffff;\"><strong><a style=\"color: #ffffff;\" href=\"https:\/\/turkeco.com\/greenox-residence-edge-certification\/\">GRENNOX RESIDE<\/a>NCE<\/strong><\/span><\/h4>\n<p>[\/vc_column_text][\/vc_column_inner][\/vc_row_inner][vc_btn title=&#8221;ALL PROJECTS&#8221; style=&#8221;flat&#8221; color=&#8221;warning&#8221; align=&#8221;center&#8221; button_block=&#8221;true&#8221; link=&#8221;url:http%3A%2F%2Fturkeco.com%2Fen%2Freferences%2F|||&#8221;][\/vc_column][vc_column width=&#8221;1\/6&#8243;][\/vc_column][\/vc_row]<\/p>\n","protected":false},"excerpt":{"rendered":"<p>[vc_row][vc_column width=&#8221;1\/12&#8243;][\/vc_column][vc_column width=&#8221;10\/12&#8243;][vc_empty_space][vc_column_text] About Us TURKECO Construction and Energy Inc. is a team of sustainability experts accredited with sustainability certifications,<span class=\"excerpt-hellip\"> [\u2026]<\/span><\/p>\n","protected":false},"author":1,"featured_media":0,"parent":0,"menu_order":0,"comment_status":"closed","ping_status":"closed","template":"","meta":{"footnotes":""},"class_list":["post-1731","page","type-page","status-publish","hentry"],"yoast_head":"<!-- This site is optimized with the Yoast SEO plugin v26.5 - https:\/\/yoast.com\/wordpress\/plugins\/seo\/ -->\n<title>TURKECO - Green Building Consulting - HomePage<\/title>\n<meta name=\"description\" content=\"TURKECO Construction and Energy Inc. is a team of sustainability experts accredited with sustainability certifications, providing...\" \/>\n<meta name=\"robots\" content=\"index, follow, max-snippet:-1, max-image-preview:large, max-video-preview:-1\" \/>\n<link rel=\"canonical\" href=\"https:\/\/turkeco.com\/en\/\" \/>\n<meta property=\"og:locale\" content=\"en_US\" \/>\n<meta property=\"og:type\" content=\"article\" \/>\n<meta property=\"og:title\" content=\"TURKECO - Green Building Consulting - HomePage\" \/>\n<meta property=\"og:description\" content=\"TURKECO Construction and Energy Inc. is a team of sustainability experts accredited with sustainability certifications, providing...\" \/>\n<meta property=\"og:url\" content=\"https:\/\/turkeco.com\/en\/\" \/>\n<meta property=\"og:site_name\" content=\"TURKECO - Ye\u015fil Bina Dan\u0131\u015fmanl\u0131\u011f\u0131\" \/>\n<meta property=\"article:modified_time\" content=\"2025-09-12T08:26:49+00:00\" \/>\n<meta name=\"twitter:card\" content=\"summary_large_image\" \/>\n<meta name=\"twitter:label1\" content=\"Est. reading time\" \/>\n\t<meta name=\"twitter:data1\" content=\"3 minutes\" \/>\n<script type=\"application\/ld+json\" class=\"yoast-schema-graph\">{\"@context\":\"https:\/\/schema.org\",\"@graph\":[{\"@type\":\"WebPage\",\"@id\":\"https:\/\/turkeco.com\/en\/\",\"url\":\"https:\/\/turkeco.com\/en\/\",\"name\":\"TURKECO - Green Building Consulting - HomePage\",\"isPartOf\":{\"@id\":\"https:\/\/turkeco.com\/en\/#website\"},\"datePublished\":\"2018-04-10T20:10:48+00:00\",\"dateModified\":\"2025-09-12T08:26:49+00:00\",\"description\":\"TURKECO Construction and Energy Inc. is a team of sustainability experts accredited with sustainability certifications, providing...\",\"breadcrumb\":{\"@id\":\"https:\/\/turkeco.com\/en\/#breadcrumb\"},\"inLanguage\":\"en-US\",\"potentialAction\":[{\"@type\":\"ReadAction\",\"target\":[\"https:\/\/turkeco.com\/en\/\"]}]},{\"@type\":\"BreadcrumbList\",\"@id\":\"https:\/\/turkeco.com\/en\/#breadcrumb\",\"itemListElement\":[{\"@type\":\"ListItem\",\"position\":1,\"name\":\"Ana sayfa\",\"item\":\"https:\/\/turkeco.com\/en\/\"},{\"@type\":\"ListItem\",\"position\":2,\"name\":\"ANASAYFA\"}]},{\"@type\":\"WebSite\",\"@id\":\"https:\/\/turkeco.com\/en\/#website\",\"url\":\"https:\/\/turkeco.com\/en\/\",\"name\":\"TURKECO - Ye\u015fil Bina Dan\u0131\u015fmanl\u0131\u011f\u0131\",\"description\":\"LEED Sertifikas\u0131, BREAM Sertifikas\u0131, EDGE Sertifikas\u0131, DGNB Sertifikas\u0131, \u00c7EDB\u0130K Sertifikas\u0131\",\"publisher\":{\"@id\":\"https:\/\/turkeco.com\/en\/#organization\"},\"potentialAction\":[{\"@type\":\"SearchAction\",\"target\":{\"@type\":\"EntryPoint\",\"urlTemplate\":\"https:\/\/turkeco.com\/en\/?s={search_term_string}\"},\"query-input\":{\"@type\":\"PropertyValueSpecification\",\"valueRequired\":true,\"valueName\":\"search_term_string\"}}],\"inLanguage\":\"en-US\"},{\"@type\":\"Organization\",\"@id\":\"https:\/\/turkeco.com\/en\/#organization\",\"name\":\"Turkeco Ye\u015fil Bina Dan\u0131\u015fmanl\u0131\u011f\u0131\",\"url\":\"https:\/\/turkeco.com\/en\/\",\"logo\":{\"@type\":\"ImageObject\",\"inLanguage\":\"en-US\",\"@id\":\"https:\/\/turkeco.com\/en\/#\/schema\/logo\/image\/\",\"url\":\"https:\/\/turkeco.com\/wp-content\/uploads\/2019\/07\/Logo-retina-80.png\",\"contentUrl\":\"https:\/\/turkeco.com\/wp-content\/uploads\/2019\/07\/Logo-retina-80.png\",\"width\":204,\"height\":80,\"caption\":\"Turkeco Ye\u015fil Bina Dan\u0131\u015fmanl\u0131\u011f\u0131\"},\"image\":{\"@id\":\"https:\/\/turkeco.com\/en\/#\/schema\/logo\/image\/\"}}]}<\/script>\n<!-- \/ Yoast SEO plugin. -->","yoast_head_json":{"title":"TURKECO - Green Building Consulting - HomePage","description":"TURKECO Construction and Energy Inc. is a team of sustainability experts accredited with sustainability certifications, providing...","robots":{"index":"index","follow":"follow","max-snippet":"max-snippet:-1","max-image-preview":"max-image-preview:large","max-video-preview":"max-video-preview:-1"},"canonical":"https:\/\/turkeco.com\/en\/","og_locale":"en_US","og_type":"article","og_title":"TURKECO - Green Building Consulting - HomePage","og_description":"TURKECO Construction and Energy Inc. is a team of sustainability experts accredited with sustainability certifications, providing...","og_url":"https:\/\/turkeco.com\/en\/","og_site_name":"TURKECO - Ye\u015fil Bina Dan\u0131\u015fmanl\u0131\u011f\u0131","article_modified_time":"2025-09-12T08:26:49+00:00","twitter_card":"summary_large_image","twitter_misc":{"Est. reading time":"3 minutes"},"schema":{"@context":"https:\/\/schema.org","@graph":[{"@type":"WebPage","@id":"https:\/\/turkeco.com\/en\/","url":"https:\/\/turkeco.com\/en\/","name":"TURKECO - Green Building Consulting - HomePage","isPartOf":{"@id":"https:\/\/turkeco.com\/en\/#website"},"datePublished":"2018-04-10T20:10:48+00:00","dateModified":"2025-09-12T08:26:49+00:00","description":"TURKECO Construction and Energy Inc. is a team of sustainability experts accredited with sustainability certifications, providing...","breadcrumb":{"@id":"https:\/\/turkeco.com\/en\/#breadcrumb"},"inLanguage":"en-US","potentialAction":[{"@type":"ReadAction","target":["https:\/\/turkeco.com\/en\/"]}]},{"@type":"BreadcrumbList","@id":"https:\/\/turkeco.com\/en\/#breadcrumb","itemListElement":[{"@type":"ListItem","position":1,"name":"Ana sayfa","item":"https:\/\/turkeco.com\/en\/"},{"@type":"ListItem","position":2,"name":"ANASAYFA"}]},{"@type":"WebSite","@id":"https:\/\/turkeco.com\/en\/#website","url":"https:\/\/turkeco.com\/en\/","name":"TURKECO - Ye\u015fil Bina Dan\u0131\u015fmanl\u0131\u011f\u0131","description":"LEED Sertifikas\u0131, BREAM Sertifikas\u0131, EDGE Sertifikas\u0131, DGNB Sertifikas\u0131, \u00c7EDB\u0130K Sertifikas\u0131","publisher":{"@id":"https:\/\/turkeco.com\/en\/#organization"},"potentialAction":[{"@type":"SearchAction","target":{"@type":"EntryPoint","urlTemplate":"https:\/\/turkeco.com\/en\/?s={search_term_string}"},"query-input":{"@type":"PropertyValueSpecification","valueRequired":true,"valueName":"search_term_string"}}],"inLanguage":"en-US"},{"@type":"Organization","@id":"https:\/\/turkeco.com\/en\/#organization","name":"Turkeco Ye\u015fil Bina Dan\u0131\u015fmanl\u0131\u011f\u0131","url":"https:\/\/turkeco.com\/en\/","logo":{"@type":"ImageObject","inLanguage":"en-US","@id":"https:\/\/turkeco.com\/en\/#\/schema\/logo\/image\/","url":"https:\/\/turkeco.com\/wp-content\/uploads\/2019\/07\/Logo-retina-80.png","contentUrl":"https:\/\/turkeco.com\/wp-content\/uploads\/2019\/07\/Logo-retina-80.png","width":204,"height":80,"caption":"Turkeco Ye\u015fil Bina Dan\u0131\u015fmanl\u0131\u011f\u0131"},"image":{"@id":"https:\/\/turkeco.com\/en\/#\/schema\/logo\/image\/"}}]}},"_links":{"self":[{"href":"https:\/\/turkeco.com\/en\/wp-json\/wp\/v2\/pages\/1731","targetHints":{"allow":["GET"]}}],"collection":[{"href":"https:\/\/turkeco.com\/en\/wp-json\/wp\/v2\/pages"}],"about":[{"href":"https:\/\/turkeco.com\/en\/wp-json\/wp\/v2\/types\/page"}],"author":[{"embeddable":true,"href":"https:\/\/turkeco.com\/en\/wp-json\/wp\/v2\/users\/1"}],"replies":[{"embeddable":true,"href":"https:\/\/turkeco.com\/en\/wp-json\/wp\/v2\/comments?post=1731"}],"version-history":[{"count":12,"href":"https:\/\/turkeco.com\/en\/wp-json\/wp\/v2\/pages\/1731\/revisions"}],"predecessor-version":[{"id":3436,"href":"https:\/\/turkeco.com\/en\/wp-json\/wp\/v2\/pages\/1731\/revisions\/3436"}],"wp:attachment":[{"href":"https:\/\/turkeco.com\/en\/wp-json\/wp\/v2\/media?parent=1731"}],"curies":[{"name":"wp","href":"https:\/\/api.w.org\/{rel}","templated":true}]}}