{"id":1782,"date":"2018-05-23T13:13:05","date_gmt":"2018-05-23T13:13:05","guid":{"rendered":"https:\/\/turkeco.com\/referanslar\/"},"modified":"2024-11-30T21:17:06","modified_gmt":"2024-11-30T18:17:06","slug":"references-2","status":"publish","type":"page","link":"https:\/\/turkeco.com\/en\/references-2\/","title":{"rendered":"REFERENCES"},"content":{"rendered":"<p>[vc_row][vc_column][vc_basic_grid post_type=&#8221;post&#8221; max_items=&#8221;60&#8243; style=&#8221;lazy&#8221; items_per_page=&#8221;9&#8243; item=&#8221;1043&#8243; initial_loading_animation=&#8221;none&#8221; grid_id=&#8221;vc_gid:1732990618907-d8936dea-bd49-7&#8243; taxonomies=&#8221;5&#8243;][\/vc_column][\/vc_row]<\/p>\n","protected":false},"excerpt":{"rendered":"<p>[vc_row][vc_column][vc_basic_grid post_type=&#8221;post&#8221; max_items=&#8221;60&#8243; style=&#8221;lazy&#8221; items_per_page=&#8221;9&#8243; item=&#8221;1043&#8243; initial_loading_animation=&#8221;none&#8221; grid_id=&#8221;vc_gid:1732990618907-d8936dea-bd49-7&#8243; taxonomies=&#8221;5&#8243;][\/vc_column][\/vc_row]<\/p>\n","protected":false},"author":1,"featured_media":0,"parent":0,"menu_order":0,"comment_status":"closed","ping_status":"closed","template":"","meta":{"footnotes":""},"class_list":["post-1782","page","type-page","status-publish","hentry"],"yoast_head":"<!-- This site is optimized with the Yoast SEO plugin v26.5 - https:\/\/yoast.com\/wordpress\/plugins\/seo\/ -->\n<title>REFERENCES - TURKECO - Ye\u015fil Bina Dan\u0131\u015fmanl\u0131\u011f\u0131<\/title>\n<meta name=\"description\" content=\"TURKECO Construction and Energy Inc. is a team of sustainability experts accredited with sustainability certifications, providing...\" \/>\n<meta name=\"robots\" content=\"index, follow, max-snippet:-1, max-image-preview:large, max-video-preview:-1\" \/>\n<link rel=\"canonical\" href=\"https:\/\/turkeco.com\/en\/references-2\/\" \/>\n<meta property=\"og:locale\" content=\"en_US\" \/>\n<meta property=\"og:type\" content=\"article\" \/>\n<meta property=\"og:title\" content=\"REFERENCES - TURKECO - Ye\u015fil Bina Dan\u0131\u015fmanl\u0131\u011f\u0131\" \/>\n<meta property=\"og:description\" content=\"TURKECO Construction and Energy Inc. is a team of sustainability experts accredited with sustainability certifications, providing...\" \/>\n<meta property=\"og:url\" content=\"https:\/\/turkeco.com\/en\/references-2\/\" \/>\n<meta property=\"og:site_name\" content=\"TURKECO - Ye\u015fil Bina Dan\u0131\u015fmanl\u0131\u011f\u0131\" \/>\n<meta property=\"article:modified_time\" content=\"2024-11-30T18:17:06+00:00\" \/>\n<meta name=\"twitter:card\" content=\"summary_large_image\" \/>\n<meta name=\"twitter:label1\" content=\"Est. reading time\" \/>\n\t<meta name=\"twitter:data1\" content=\"1 minute\" \/>\n<script type=\"application\/ld+json\" class=\"yoast-schema-graph\">{\"@context\":\"https:\/\/schema.org\",\"@graph\":[{\"@type\":\"WebPage\",\"@id\":\"https:\/\/turkeco.com\/en\/references-2\/\",\"url\":\"https:\/\/turkeco.com\/en\/references-2\/\",\"name\":\"REFERENCES - TURKECO - Ye\u015fil Bina Dan\u0131\u015fmanl\u0131\u011f\u0131\",\"isPartOf\":{\"@id\":\"https:\/\/turkeco.com\/en\/#website\"},\"datePublished\":\"2018-05-23T13:13:05+00:00\",\"dateModified\":\"2024-11-30T18:17:06+00:00\",\"description\":\"TURKECO Construction and Energy Inc. is a team of sustainability experts accredited with sustainability certifications, providing...\",\"breadcrumb\":{\"@id\":\"https:\/\/turkeco.com\/en\/references-2\/#breadcrumb\"},\"inLanguage\":\"en-US\",\"potentialAction\":[{\"@type\":\"ReadAction\",\"target\":[\"https:\/\/turkeco.com\/en\/references-2\/\"]}]},{\"@type\":\"BreadcrumbList\",\"@id\":\"https:\/\/turkeco.com\/en\/references-2\/#breadcrumb\",\"itemListElement\":[{\"@type\":\"ListItem\",\"position\":1,\"name\":\"Ana sayfa\",\"item\":\"https:\/\/turkeco.com\/en\/\"},{\"@type\":\"ListItem\",\"position\":2,\"name\":\"REFERENCES\"}]},{\"@type\":\"WebSite\",\"@id\":\"https:\/\/turkeco.com\/en\/#website\",\"url\":\"https:\/\/turkeco.com\/en\/\",\"name\":\"TURKECO - Ye\u015fil Bina Dan\u0131\u015fmanl\u0131\u011f\u0131\",\"description\":\"LEED Sertifikas\u0131, BREAM Sertifikas\u0131, EDGE Sertifikas\u0131, DGNB Sertifikas\u0131, \u00c7EDB\u0130K Sertifikas\u0131\",\"publisher\":{\"@id\":\"https:\/\/turkeco.com\/en\/#organization\"},\"potentialAction\":[{\"@type\":\"SearchAction\",\"target\":{\"@type\":\"EntryPoint\",\"urlTemplate\":\"https:\/\/turkeco.com\/en\/?s={search_term_string}\"},\"query-input\":{\"@type\":\"PropertyValueSpecification\",\"valueRequired\":true,\"valueName\":\"search_term_string\"}}],\"inLanguage\":\"en-US\"},{\"@type\":\"Organization\",\"@id\":\"https:\/\/turkeco.com\/en\/#organization\",\"name\":\"Turkeco Ye\u015fil Bina Dan\u0131\u015fmanl\u0131\u011f\u0131\",\"url\":\"https:\/\/turkeco.com\/en\/\",\"logo\":{\"@type\":\"ImageObject\",\"inLanguage\":\"en-US\",\"@id\":\"https:\/\/turkeco.com\/en\/#\/schema\/logo\/image\/\",\"url\":\"https:\/\/turkeco.com\/wp-content\/uploads\/2019\/07\/Logo-retina-80.png\",\"contentUrl\":\"https:\/\/turkeco.com\/wp-content\/uploads\/2019\/07\/Logo-retina-80.png\",\"width\":204,\"height\":80,\"caption\":\"Turkeco Ye\u015fil Bina Dan\u0131\u015fmanl\u0131\u011f\u0131\"},\"image\":{\"@id\":\"https:\/\/turkeco.com\/en\/#\/schema\/logo\/image\/\"}}]}<\/script>\n<!-- \/ Yoast SEO plugin. -->","yoast_head_json":{"title":"REFERENCES - TURKECO - Ye\u015fil Bina Dan\u0131\u015fmanl\u0131\u011f\u0131","description":"TURKECO Construction and Energy Inc. is a team of sustainability experts accredited with sustainability certifications, providing...","robots":{"index":"index","follow":"follow","max-snippet":"max-snippet:-1","max-image-preview":"max-image-preview:large","max-video-preview":"max-video-preview:-1"},"canonical":"https:\/\/turkeco.com\/en\/references-2\/","og_locale":"en_US","og_type":"article","og_title":"REFERENCES - TURKECO - Ye\u015fil Bina Dan\u0131\u015fmanl\u0131\u011f\u0131","og_description":"TURKECO Construction and Energy Inc. is a team of sustainability experts accredited with sustainability certifications, providing...","og_url":"https:\/\/turkeco.com\/en\/references-2\/","og_site_name":"TURKECO - Ye\u015fil Bina Dan\u0131\u015fmanl\u0131\u011f\u0131","article_modified_time":"2024-11-30T18:17:06+00:00","twitter_card":"summary_large_image","twitter_misc":{"Est. reading time":"1 minute"},"schema":{"@context":"https:\/\/schema.org","@graph":[{"@type":"WebPage","@id":"https:\/\/turkeco.com\/en\/references-2\/","url":"https:\/\/turkeco.com\/en\/references-2\/","name":"REFERENCES - TURKECO - Ye\u015fil Bina Dan\u0131\u015fmanl\u0131\u011f\u0131","isPartOf":{"@id":"https:\/\/turkeco.com\/en\/#website"},"datePublished":"2018-05-23T13:13:05+00:00","dateModified":"2024-11-30T18:17:06+00:00","description":"TURKECO Construction and Energy Inc. is a team of sustainability experts accredited with sustainability certifications, providing...","breadcrumb":{"@id":"https:\/\/turkeco.com\/en\/references-2\/#breadcrumb"},"inLanguage":"en-US","potentialAction":[{"@type":"ReadAction","target":["https:\/\/turkeco.com\/en\/references-2\/"]}]},{"@type":"BreadcrumbList","@id":"https:\/\/turkeco.com\/en\/references-2\/#breadcrumb","itemListElement":[{"@type":"ListItem","position":1,"name":"Ana sayfa","item":"https:\/\/turkeco.com\/en\/"},{"@type":"ListItem","position":2,"name":"REFERENCES"}]},{"@type":"WebSite","@id":"https:\/\/turkeco.com\/en\/#website","url":"https:\/\/turkeco.com\/en\/","name":"TURKECO - Ye\u015fil Bina Dan\u0131\u015fmanl\u0131\u011f\u0131","description":"LEED Sertifikas\u0131, BREAM Sertifikas\u0131, EDGE Sertifikas\u0131, DGNB Sertifikas\u0131, \u00c7EDB\u0130K Sertifikas\u0131","publisher":{"@id":"https:\/\/turkeco.com\/en\/#organization"},"potentialAction":[{"@type":"SearchAction","target":{"@type":"EntryPoint","urlTemplate":"https:\/\/turkeco.com\/en\/?s={search_term_string}"},"query-input":{"@type":"PropertyValueSpecification","valueRequired":true,"valueName":"search_term_string"}}],"inLanguage":"en-US"},{"@type":"Organization","@id":"https:\/\/turkeco.com\/en\/#organization","name":"Turkeco Ye\u015fil Bina Dan\u0131\u015fmanl\u0131\u011f\u0131","url":"https:\/\/turkeco.com\/en\/","logo":{"@type":"ImageObject","inLanguage":"en-US","@id":"https:\/\/turkeco.com\/en\/#\/schema\/logo\/image\/","url":"https:\/\/turkeco.com\/wp-content\/uploads\/2019\/07\/Logo-retina-80.png","contentUrl":"https:\/\/turkeco.com\/wp-content\/uploads\/2019\/07\/Logo-retina-80.png","width":204,"height":80,"caption":"Turkeco Ye\u015fil Bina Dan\u0131\u015fmanl\u0131\u011f\u0131"},"image":{"@id":"https:\/\/turkeco.com\/en\/#\/schema\/logo\/image\/"}}]}},"_links":{"self":[{"href":"https:\/\/turkeco.com\/en\/wp-json\/wp\/v2\/pages\/1782","targetHints":{"allow":["GET"]}}],"collection":[{"href":"https:\/\/turkeco.com\/en\/wp-json\/wp\/v2\/pages"}],"about":[{"href":"https:\/\/turkeco.com\/en\/wp-json\/wp\/v2\/types\/page"}],"author":[{"embeddable":true,"href":"https:\/\/turkeco.com\/en\/wp-json\/wp\/v2\/users\/1"}],"replies":[{"embeddable":true,"href":"https:\/\/turkeco.com\/en\/wp-json\/wp\/v2\/comments?post=1782"}],"version-history":[{"count":1,"href":"https:\/\/turkeco.com\/en\/wp-json\/wp\/v2\/pages\/1782\/revisions"}],"predecessor-version":[{"id":3199,"href":"https:\/\/turkeco.com\/en\/wp-json\/wp\/v2\/pages\/1782\/revisions\/3199"}],"wp:attachment":[{"href":"https:\/\/turkeco.com\/en\/wp-json\/wp\/v2\/media?parent=1782"}],"curies":[{"name":"wp","href":"https:\/\/api.w.org\/{rel}","templated":true}]}}