{"id":1800,"date":"2018-05-24T15:19:32","date_gmt":"2018-05-24T15:19:32","guid":{"rendered":"https:\/\/turkeco.com\/iletisim\/"},"modified":"2024-12-05T11:24:52","modified_gmt":"2024-12-05T08:24:52","slug":"contact","status":"publish","type":"page","link":"https:\/\/turkeco.com\/en\/contact\/","title":{"rendered":"CONTACT"},"content":{"rendered":"<p>[vc_row full_width=&#8221;stretch_row_content&#8221;][vc_column][vc_column_text]<iframe src=\"https:\/\/www.google.com\/maps\/embed?pb=!1m16!1m12!1m3!1d3007.221165289441!2d29.030619175518037!3d41.08601411463544!2m3!1f0!2f0!3f0!3m2!1i1024!2i768!4f13.1!2m1!1sTepecik%20Yolu%20Sera%20Sok%20Mimoza%204%20D%2010%20Etiler%20%C4%B0stanbul%20T%C3%BCrkiye%203433!5e0!3m2!1str!2sde!4v1733386908859!5m2!1str!2sde\" width=\"100%\" height=\"450\" style=\"border:0;\" allowfullscreen=\"\" loading=\"lazy\" referrerpolicy=\"no-referrer-when-downgrade\"><\/iframe>[\/vc_column_text][\/vc_column][\/vc_row][vc_row full_width=&#8221;stretch_row&#8221;][vc_column width=&#8221;1\/2&#8243;][vc_column_text]<\/p>\n<div class=\"column mcb-column one column_column column-margin-20px\">\n<div class=\"column_attr clearfix\">\n<h4><strong>TURKECO \u0130n\u015faat ve Enerji Ltd. \u015eti.<\/strong><\/h4>\n<\/div>\n<\/div>\n<p>[\/vc_column_text][vc_separator color=&#8221;orange&#8221; align=&#8221;align_left&#8221; el_width=&#8221;50&#8243;][vc_column_text]<\/p>\n<div class=\"column mcb-column one column_column column-margin-20px\">\n<div class=\"column_attr clearfix\">\n<div class=\"column mcb-column one column_column column-margin-20px\">\n<div class=\"column_attr clearfix\">\n<p>Tepecik Yolu Sera Sok. Mimoza 4 D 10 Etiler \u0130stanbul \/ T\u00fcrkiye 34337<\/p>\n<\/div>\n<\/div>\n<\/div>\n<\/div>\n<p>[\/vc_column_text][\/vc_column][vc_column width=&#8221;1\/2&#8243; css=&#8221;.vc_custom_1527175164936{background-color: rgba(64,122,209,0.2) !important;*background-color: rgb(64,122,209) !important;}&#8221;][vc_column_text]<\/p>\n<div class=\"column mcb-column one column_column column-margin-20px\">\n<div class=\"column_attr clearfix\">\n<h4><strong>Contact<\/strong><\/h4>\n<\/div>\n<\/div>\n<p>[\/vc_column_text][vc_separator color=&#8221;orange&#8221; align=&#8221;align_left&#8221; el_width=&#8221;50&#8243;][vc_column_text]<\/p>\n<div class=\"column mcb-column one column_column column-margin-20px\">\n<div class=\"column_attr clearfix\">\n<div class=\"column mcb-column one column_column column-margin-20px\">\n<div class=\"column_attr clearfix\"><\/div>\n<\/div>\n<p>T: <a href=\"tel:+905333947564\">+90 533 394 7564<\/a><\/p>\n<p>E:\u00a0<a href=\"mailto:info@turkeco.com\">info@turkeco.com<\/a><\/p>\n<\/div>\n<\/div>\n<p>[\/vc_column_text][\/vc_column][\/vc_row]<\/p>\n","protected":false},"excerpt":{"rendered":"<p>[vc_row full_width=&#8221;stretch_row_content&#8221;][vc_column][vc_column_text][\/vc_column_text][\/vc_column][\/vc_row][vc_row full_width=&#8221;stretch_row&#8221;][vc_column width=&#8221;1\/2&#8243;][vc_column_text] TURKECO \u0130n\u015faat ve Enerji Ltd. \u015eti. [\/vc_column_text][vc_separator color=&#8221;orange&#8221; align=&#8221;align_left&#8221; el_width=&#8221;50&#8243;][vc_column_text] Tepecik Yolu Sera Sok. Mimoza 4<span class=\"excerpt-hellip\"> [\u2026]<\/span><\/p>\n","protected":false},"author":1,"featured_media":1803,"parent":0,"menu_order":0,"comment_status":"open","ping_status":"open","template":"","meta":{"footnotes":""},"class_list":["post-1800","page","type-page","status-publish","has-post-thumbnail","hentry"],"yoast_head":"<!-- This site is optimized with the Yoast SEO plugin v26.5 - https:\/\/yoast.com\/wordpress\/plugins\/seo\/ -->\n<title>CONTACT | TURKECO - Green Building Consulting<\/title>\n<meta name=\"description\" content=\"TURKECO Construction and Energy Inc. is a team of sustainability experts accredited with sustainability certifications, providing...\" \/>\n<meta name=\"robots\" content=\"index, follow, max-snippet:-1, max-image-preview:large, max-video-preview:-1\" \/>\n<link rel=\"canonical\" href=\"https:\/\/turkeco.com\/en\/contact\/\" \/>\n<meta property=\"og:locale\" content=\"en_US\" \/>\n<meta property=\"og:type\" content=\"article\" \/>\n<meta property=\"og:title\" content=\"CONTACT | TURKECO - Green Building Consulting\" \/>\n<meta property=\"og:description\" content=\"TURKECO Construction and Energy Inc. is a team of sustainability experts accredited with sustainability certifications, providing...\" \/>\n<meta property=\"og:url\" content=\"https:\/\/turkeco.com\/en\/contact\/\" \/>\n<meta property=\"og:site_name\" content=\"TURKECO - Ye\u015fil Bina Dan\u0131\u015fmanl\u0131\u011f\u0131\" \/>\n<meta property=\"article:modified_time\" content=\"2024-12-05T08:24:52+00:00\" \/>\n<meta property=\"og:image\" content=\"https:\/\/turkeco.com\/wp-content\/uploads\/2015\/08\/home_glasses_subheader2.jpg\" \/>\n\t<meta property=\"og:image:width\" content=\"1920\" \/>\n\t<meta property=\"og:image:height\" content=\"573\" \/>\n\t<meta property=\"og:image:type\" content=\"image\/jpeg\" \/>\n<meta name=\"twitter:card\" content=\"summary_large_image\" \/>\n<meta name=\"twitter:label1\" content=\"Est. reading time\" \/>\n\t<meta name=\"twitter:data1\" content=\"1 minute\" \/>\n<script type=\"application\/ld+json\" class=\"yoast-schema-graph\">{\"@context\":\"https:\/\/schema.org\",\"@graph\":[{\"@type\":\"WebPage\",\"@id\":\"https:\/\/turkeco.com\/en\/contact\/\",\"url\":\"https:\/\/turkeco.com\/en\/contact\/\",\"name\":\"CONTACT | TURKECO - Green Building Consulting\",\"isPartOf\":{\"@id\":\"https:\/\/turkeco.com\/en\/#website\"},\"primaryImageOfPage\":{\"@id\":\"https:\/\/turkeco.com\/en\/contact\/#primaryimage\"},\"image\":{\"@id\":\"https:\/\/turkeco.com\/en\/contact\/#primaryimage\"},\"thumbnailUrl\":\"https:\/\/turkeco.com\/wp-content\/uploads\/2015\/08\/home_glasses_subheader2.jpg\",\"datePublished\":\"2018-05-24T15:19:32+00:00\",\"dateModified\":\"2024-12-05T08:24:52+00:00\",\"description\":\"TURKECO Construction and Energy Inc. is a team of sustainability experts accredited with sustainability certifications, providing...\",\"breadcrumb\":{\"@id\":\"https:\/\/turkeco.com\/en\/contact\/#breadcrumb\"},\"inLanguage\":\"en-US\",\"potentialAction\":[{\"@type\":\"ReadAction\",\"target\":[\"https:\/\/turkeco.com\/en\/contact\/\"]}]},{\"@type\":\"ImageObject\",\"inLanguage\":\"en-US\",\"@id\":\"https:\/\/turkeco.com\/en\/contact\/#primaryimage\",\"url\":\"https:\/\/turkeco.com\/wp-content\/uploads\/2015\/08\/home_glasses_subheader2.jpg\",\"contentUrl\":\"https:\/\/turkeco.com\/wp-content\/uploads\/2015\/08\/home_glasses_subheader2.jpg\",\"width\":1920,\"height\":573},{\"@type\":\"BreadcrumbList\",\"@id\":\"https:\/\/turkeco.com\/en\/contact\/#breadcrumb\",\"itemListElement\":[{\"@type\":\"ListItem\",\"position\":1,\"name\":\"Ana sayfa\",\"item\":\"https:\/\/turkeco.com\/en\/\"},{\"@type\":\"ListItem\",\"position\":2,\"name\":\"CONTACT\"}]},{\"@type\":\"WebSite\",\"@id\":\"https:\/\/turkeco.com\/en\/#website\",\"url\":\"https:\/\/turkeco.com\/en\/\",\"name\":\"TURKECO - Ye\u015fil Bina Dan\u0131\u015fmanl\u0131\u011f\u0131\",\"description\":\"LEED Sertifikas\u0131, BREAM Sertifikas\u0131, EDGE Sertifikas\u0131, DGNB Sertifikas\u0131, \u00c7EDB\u0130K Sertifikas\u0131\",\"publisher\":{\"@id\":\"https:\/\/turkeco.com\/en\/#organization\"},\"potentialAction\":[{\"@type\":\"SearchAction\",\"target\":{\"@type\":\"EntryPoint\",\"urlTemplate\":\"https:\/\/turkeco.com\/en\/?s={search_term_string}\"},\"query-input\":{\"@type\":\"PropertyValueSpecification\",\"valueRequired\":true,\"valueName\":\"search_term_string\"}}],\"inLanguage\":\"en-US\"},{\"@type\":\"Organization\",\"@id\":\"https:\/\/turkeco.com\/en\/#organization\",\"name\":\"Turkeco Ye\u015fil Bina Dan\u0131\u015fmanl\u0131\u011f\u0131\",\"url\":\"https:\/\/turkeco.com\/en\/\",\"logo\":{\"@type\":\"ImageObject\",\"inLanguage\":\"en-US\",\"@id\":\"https:\/\/turkeco.com\/en\/#\/schema\/logo\/image\/\",\"url\":\"https:\/\/turkeco.com\/wp-content\/uploads\/2019\/07\/Logo-retina-80.png\",\"contentUrl\":\"https:\/\/turkeco.com\/wp-content\/uploads\/2019\/07\/Logo-retina-80.png\",\"width\":204,\"height\":80,\"caption\":\"Turkeco Ye\u015fil Bina Dan\u0131\u015fmanl\u0131\u011f\u0131\"},\"image\":{\"@id\":\"https:\/\/turkeco.com\/en\/#\/schema\/logo\/image\/\"}}]}<\/script>\n<!-- \/ Yoast SEO plugin. -->","yoast_head_json":{"title":"CONTACT | TURKECO - Green Building Consulting","description":"TURKECO Construction and Energy Inc. is a team of sustainability experts accredited with sustainability certifications, providing...","robots":{"index":"index","follow":"follow","max-snippet":"max-snippet:-1","max-image-preview":"max-image-preview:large","max-video-preview":"max-video-preview:-1"},"canonical":"https:\/\/turkeco.com\/en\/contact\/","og_locale":"en_US","og_type":"article","og_title":"CONTACT | TURKECO - Green Building Consulting","og_description":"TURKECO Construction and Energy Inc. is a team of sustainability experts accredited with sustainability certifications, providing...","og_url":"https:\/\/turkeco.com\/en\/contact\/","og_site_name":"TURKECO - Ye\u015fil Bina Dan\u0131\u015fmanl\u0131\u011f\u0131","article_modified_time":"2024-12-05T08:24:52+00:00","og_image":[{"width":1920,"height":573,"url":"https:\/\/turkeco.com\/wp-content\/uploads\/2015\/08\/home_glasses_subheader2.jpg","type":"image\/jpeg"}],"twitter_card":"summary_large_image","twitter_misc":{"Est. reading time":"1 minute"},"schema":{"@context":"https:\/\/schema.org","@graph":[{"@type":"WebPage","@id":"https:\/\/turkeco.com\/en\/contact\/","url":"https:\/\/turkeco.com\/en\/contact\/","name":"CONTACT | TURKECO - Green Building Consulting","isPartOf":{"@id":"https:\/\/turkeco.com\/en\/#website"},"primaryImageOfPage":{"@id":"https:\/\/turkeco.com\/en\/contact\/#primaryimage"},"image":{"@id":"https:\/\/turkeco.com\/en\/contact\/#primaryimage"},"thumbnailUrl":"https:\/\/turkeco.com\/wp-content\/uploads\/2015\/08\/home_glasses_subheader2.jpg","datePublished":"2018-05-24T15:19:32+00:00","dateModified":"2024-12-05T08:24:52+00:00","description":"TURKECO Construction and Energy Inc. is a team of sustainability experts accredited with sustainability certifications, providing...","breadcrumb":{"@id":"https:\/\/turkeco.com\/en\/contact\/#breadcrumb"},"inLanguage":"en-US","potentialAction":[{"@type":"ReadAction","target":["https:\/\/turkeco.com\/en\/contact\/"]}]},{"@type":"ImageObject","inLanguage":"en-US","@id":"https:\/\/turkeco.com\/en\/contact\/#primaryimage","url":"https:\/\/turkeco.com\/wp-content\/uploads\/2015\/08\/home_glasses_subheader2.jpg","contentUrl":"https:\/\/turkeco.com\/wp-content\/uploads\/2015\/08\/home_glasses_subheader2.jpg","width":1920,"height":573},{"@type":"BreadcrumbList","@id":"https:\/\/turkeco.com\/en\/contact\/#breadcrumb","itemListElement":[{"@type":"ListItem","position":1,"name":"Ana sayfa","item":"https:\/\/turkeco.com\/en\/"},{"@type":"ListItem","position":2,"name":"CONTACT"}]},{"@type":"WebSite","@id":"https:\/\/turkeco.com\/en\/#website","url":"https:\/\/turkeco.com\/en\/","name":"TURKECO - Ye\u015fil Bina Dan\u0131\u015fmanl\u0131\u011f\u0131","description":"LEED Sertifikas\u0131, BREAM Sertifikas\u0131, EDGE Sertifikas\u0131, DGNB Sertifikas\u0131, \u00c7EDB\u0130K Sertifikas\u0131","publisher":{"@id":"https:\/\/turkeco.com\/en\/#organization"},"potentialAction":[{"@type":"SearchAction","target":{"@type":"EntryPoint","urlTemplate":"https:\/\/turkeco.com\/en\/?s={search_term_string}"},"query-input":{"@type":"PropertyValueSpecification","valueRequired":true,"valueName":"search_term_string"}}],"inLanguage":"en-US"},{"@type":"Organization","@id":"https:\/\/turkeco.com\/en\/#organization","name":"Turkeco Ye\u015fil Bina Dan\u0131\u015fmanl\u0131\u011f\u0131","url":"https:\/\/turkeco.com\/en\/","logo":{"@type":"ImageObject","inLanguage":"en-US","@id":"https:\/\/turkeco.com\/en\/#\/schema\/logo\/image\/","url":"https:\/\/turkeco.com\/wp-content\/uploads\/2019\/07\/Logo-retina-80.png","contentUrl":"https:\/\/turkeco.com\/wp-content\/uploads\/2019\/07\/Logo-retina-80.png","width":204,"height":80,"caption":"Turkeco Ye\u015fil Bina Dan\u0131\u015fmanl\u0131\u011f\u0131"},"image":{"@id":"https:\/\/turkeco.com\/en\/#\/schema\/logo\/image\/"}}]}},"_links":{"self":[{"href":"https:\/\/turkeco.com\/en\/wp-json\/wp\/v2\/pages\/1800","targetHints":{"allow":["GET"]}}],"collection":[{"href":"https:\/\/turkeco.com\/en\/wp-json\/wp\/v2\/pages"}],"about":[{"href":"https:\/\/turkeco.com\/en\/wp-json\/wp\/v2\/types\/page"}],"author":[{"embeddable":true,"href":"https:\/\/turkeco.com\/en\/wp-json\/wp\/v2\/users\/1"}],"replies":[{"embeddable":true,"href":"https:\/\/turkeco.com\/en\/wp-json\/wp\/v2\/comments?post=1800"}],"version-history":[{"count":3,"href":"https:\/\/turkeco.com\/en\/wp-json\/wp\/v2\/pages\/1800\/revisions"}],"predecessor-version":[{"id":3210,"href":"https:\/\/turkeco.com\/en\/wp-json\/wp\/v2\/pages\/1800\/revisions\/3210"}],"wp:featuredmedia":[{"embeddable":true,"href":"https:\/\/turkeco.com\/en\/wp-json\/wp\/v2\/media\/1803"}],"wp:attachment":[{"href":"https:\/\/turkeco.com\/en\/wp-json\/wp\/v2\/media?parent=1800"}],"curies":[{"name":"wp","href":"https:\/\/api.w.org\/{rel}","templated":true}]}}