{"id":1821,"date":"2018-05-24T09:24:55","date_gmt":"2018-05-24T09:24:55","guid":{"rendered":"https:\/\/turkeco.com\/kaynaklar\/"},"modified":"2023-11-13T13:45:31","modified_gmt":"2023-11-13T10:45:31","slug":"resources","status":"publish","type":"page","link":"https:\/\/turkeco.com\/en\/resources\/","title":{"rendered":"RESOURCES"},"content":{"rendered":"<p>[vc_row][vc_column][vc_column_text]Learn more about the Certification through the videos.<\/p>\n<table border=\"0\" width=\"1000\">\n<tbody>\n<tr>\n<td style=\"text-align: left;\" width=\"495\">Greenox Edge Certification<\/td>\n<td style=\"text-align: left;\" width=\"495\">LEED AP Accreditation<\/td>\n<\/tr>\n<tr>\n<td style=\"text-align: left;\">Green Schools<\/td>\n<td style=\"text-align: left;\">LEED V4<\/td>\n<\/tr>\n<tr>\n<td style=\"text-align: left;\">What is USGBC<\/td>\n<td style=\"text-align: left;\">LEED V4.1<\/td>\n<\/tr>\n<tr>\n<td style=\"text-align: left;\">Daylighting<\/td>\n<td style=\"text-align: left;\">Environmental Product Declerations<\/td>\n<\/tr>\n<tr>\n<td style=\"text-align: left;\">ESG<\/td>\n<td style=\"text-align: left;\"><\/td>\n<\/tr>\n<\/tbody>\n<\/table>\n<p>[\/vc_column_text][\/vc_column][\/vc_row][vc_row][vc_column width=&#8221;1\/2&#8243;][vc_video link=&#8221;https:\/\/www.youtube.com\/watch?v=bo1PedZ6alE&#8221;][\/vc_column][vc_column width=&#8221;1\/2&#8243;][vc_video link=&#8221;https:\/\/www.youtube.com\/watch?v=EJMlHD9QpKM&#8221;][\/vc_column][\/vc_row][vc_row][vc_column width=&#8221;1\/2&#8243;][vc_video link=&#8221;https:\/\/vimeo.com\/80822360&#8243;][\/vc_column][vc_column width=&#8221;1\/2&#8243;][vc_video link=&#8221;https:\/\/youtu.be\/kjyWI10xpHw&#8221;][\/vc_column][\/vc_row][vc_row][vc_column width=&#8221;1\/2&#8243;][vc_video link=&#8221;https:\/\/youtu.be\/-7EG4d-W4W8&#8243;][\/vc_column][vc_column width=&#8221;1\/2&#8243;][vc_video link=&#8221;https:\/\/youtu.be\/hwSl6Hub7lQ&#8221;][\/vc_column][\/vc_row][vc_row][vc_column width=&#8221;1\/2&#8243;][vc_video link=&#8221;https:\/\/youtu.be\/UJzdnykumTU&#8221;][\/vc_column][vc_column width=&#8221;1\/2&#8243;][vc_video link=&#8221;https:\/\/youtu.be\/XAYq3N3Cj9I&#8221;][\/vc_column][\/vc_row]<\/p>\n","protected":false},"excerpt":{"rendered":"<p>[vc_row][vc_column][vc_column_text]Learn more about the Certification through the videos. Greenox Edge Certification LEED AP Accreditation Green Schools LEED V4 What is<span class=\"excerpt-hellip\"> [\u2026]<\/span><\/p>\n","protected":false},"author":1,"featured_media":0,"parent":0,"menu_order":0,"comment_status":"closed","ping_status":"closed","template":"","meta":{"footnotes":""},"class_list":["post-1821","page","type-page","status-publish","hentry"],"yoast_head":"<!-- This site is optimized with the Yoast SEO plugin v26.5 - https:\/\/yoast.com\/wordpress\/plugins\/seo\/ -->\n<title>RESOURCES - TURKECO - Ye\u015fil Bina Dan\u0131\u015fmanl\u0131\u011f\u0131<\/title>\n<meta name=\"description\" content=\"TURKECO Construction and Energy Inc. is a team of sustainability experts accredited with sustainability certifications, providing...\" \/>\n<meta name=\"robots\" content=\"index, follow, max-snippet:-1, max-image-preview:large, max-video-preview:-1\" \/>\n<link rel=\"canonical\" href=\"https:\/\/turkeco.com\/en\/resources\/\" \/>\n<meta property=\"og:locale\" content=\"en_US\" \/>\n<meta property=\"og:type\" content=\"article\" \/>\n<meta property=\"og:title\" content=\"RESOURCES - TURKECO - Ye\u015fil Bina Dan\u0131\u015fmanl\u0131\u011f\u0131\" \/>\n<meta property=\"og:description\" content=\"TURKECO Construction and Energy Inc. is a team of sustainability experts accredited with sustainability certifications, providing...\" \/>\n<meta property=\"og:url\" content=\"https:\/\/turkeco.com\/en\/resources\/\" \/>\n<meta property=\"og:site_name\" content=\"TURKECO - Ye\u015fil Bina Dan\u0131\u015fmanl\u0131\u011f\u0131\" \/>\n<meta property=\"article:modified_time\" content=\"2023-11-13T10:45:31+00:00\" \/>\n<meta name=\"twitter:card\" content=\"summary_large_image\" \/>\n<meta name=\"twitter:label1\" content=\"Est. reading time\" \/>\n\t<meta name=\"twitter:data1\" content=\"1 minute\" \/>\n<script type=\"application\/ld+json\" class=\"yoast-schema-graph\">{\"@context\":\"https:\/\/schema.org\",\"@graph\":[{\"@type\":\"WebPage\",\"@id\":\"https:\/\/turkeco.com\/en\/resources\/\",\"url\":\"https:\/\/turkeco.com\/en\/resources\/\",\"name\":\"RESOURCES - TURKECO - Ye\u015fil Bina Dan\u0131\u015fmanl\u0131\u011f\u0131\",\"isPartOf\":{\"@id\":\"https:\/\/turkeco.com\/en\/#website\"},\"datePublished\":\"2018-05-24T09:24:55+00:00\",\"dateModified\":\"2023-11-13T10:45:31+00:00\",\"description\":\"TURKECO Construction and Energy Inc. is a team of sustainability experts accredited with sustainability certifications, providing...\",\"breadcrumb\":{\"@id\":\"https:\/\/turkeco.com\/en\/resources\/#breadcrumb\"},\"inLanguage\":\"en-US\",\"potentialAction\":[{\"@type\":\"ReadAction\",\"target\":[\"https:\/\/turkeco.com\/en\/resources\/\"]}]},{\"@type\":\"BreadcrumbList\",\"@id\":\"https:\/\/turkeco.com\/en\/resources\/#breadcrumb\",\"itemListElement\":[{\"@type\":\"ListItem\",\"position\":1,\"name\":\"Ana sayfa\",\"item\":\"https:\/\/turkeco.com\/en\/\"},{\"@type\":\"ListItem\",\"position\":2,\"name\":\"RESOURCES\"}]},{\"@type\":\"WebSite\",\"@id\":\"https:\/\/turkeco.com\/en\/#website\",\"url\":\"https:\/\/turkeco.com\/en\/\",\"name\":\"TURKECO - Ye\u015fil Bina Dan\u0131\u015fmanl\u0131\u011f\u0131\",\"description\":\"LEED Sertifikas\u0131, BREAM Sertifikas\u0131, EDGE Sertifikas\u0131, DGNB Sertifikas\u0131, \u00c7EDB\u0130K Sertifikas\u0131\",\"publisher\":{\"@id\":\"https:\/\/turkeco.com\/en\/#organization\"},\"potentialAction\":[{\"@type\":\"SearchAction\",\"target\":{\"@type\":\"EntryPoint\",\"urlTemplate\":\"https:\/\/turkeco.com\/en\/?s={search_term_string}\"},\"query-input\":{\"@type\":\"PropertyValueSpecification\",\"valueRequired\":true,\"valueName\":\"search_term_string\"}}],\"inLanguage\":\"en-US\"},{\"@type\":\"Organization\",\"@id\":\"https:\/\/turkeco.com\/en\/#organization\",\"name\":\"Turkeco Ye\u015fil Bina Dan\u0131\u015fmanl\u0131\u011f\u0131\",\"url\":\"https:\/\/turkeco.com\/en\/\",\"logo\":{\"@type\":\"ImageObject\",\"inLanguage\":\"en-US\",\"@id\":\"https:\/\/turkeco.com\/en\/#\/schema\/logo\/image\/\",\"url\":\"https:\/\/turkeco.com\/wp-content\/uploads\/2019\/07\/Logo-retina-80.png\",\"contentUrl\":\"https:\/\/turkeco.com\/wp-content\/uploads\/2019\/07\/Logo-retina-80.png\",\"width\":204,\"height\":80,\"caption\":\"Turkeco Ye\u015fil Bina Dan\u0131\u015fmanl\u0131\u011f\u0131\"},\"image\":{\"@id\":\"https:\/\/turkeco.com\/en\/#\/schema\/logo\/image\/\"}}]}<\/script>\n<!-- \/ Yoast SEO plugin. -->","yoast_head_json":{"title":"RESOURCES - TURKECO - Ye\u015fil Bina Dan\u0131\u015fmanl\u0131\u011f\u0131","description":"TURKECO Construction and Energy Inc. is a team of sustainability experts accredited with sustainability certifications, providing...","robots":{"index":"index","follow":"follow","max-snippet":"max-snippet:-1","max-image-preview":"max-image-preview:large","max-video-preview":"max-video-preview:-1"},"canonical":"https:\/\/turkeco.com\/en\/resources\/","og_locale":"en_US","og_type":"article","og_title":"RESOURCES - TURKECO - Ye\u015fil Bina Dan\u0131\u015fmanl\u0131\u011f\u0131","og_description":"TURKECO Construction and Energy Inc. is a team of sustainability experts accredited with sustainability certifications, providing...","og_url":"https:\/\/turkeco.com\/en\/resources\/","og_site_name":"TURKECO - Ye\u015fil Bina Dan\u0131\u015fmanl\u0131\u011f\u0131","article_modified_time":"2023-11-13T10:45:31+00:00","twitter_card":"summary_large_image","twitter_misc":{"Est. reading time":"1 minute"},"schema":{"@context":"https:\/\/schema.org","@graph":[{"@type":"WebPage","@id":"https:\/\/turkeco.com\/en\/resources\/","url":"https:\/\/turkeco.com\/en\/resources\/","name":"RESOURCES - TURKECO - Ye\u015fil Bina Dan\u0131\u015fmanl\u0131\u011f\u0131","isPartOf":{"@id":"https:\/\/turkeco.com\/en\/#website"},"datePublished":"2018-05-24T09:24:55+00:00","dateModified":"2023-11-13T10:45:31+00:00","description":"TURKECO Construction and Energy Inc. is a team of sustainability experts accredited with sustainability certifications, providing...","breadcrumb":{"@id":"https:\/\/turkeco.com\/en\/resources\/#breadcrumb"},"inLanguage":"en-US","potentialAction":[{"@type":"ReadAction","target":["https:\/\/turkeco.com\/en\/resources\/"]}]},{"@type":"BreadcrumbList","@id":"https:\/\/turkeco.com\/en\/resources\/#breadcrumb","itemListElement":[{"@type":"ListItem","position":1,"name":"Ana sayfa","item":"https:\/\/turkeco.com\/en\/"},{"@type":"ListItem","position":2,"name":"RESOURCES"}]},{"@type":"WebSite","@id":"https:\/\/turkeco.com\/en\/#website","url":"https:\/\/turkeco.com\/en\/","name":"TURKECO - Ye\u015fil Bina Dan\u0131\u015fmanl\u0131\u011f\u0131","description":"LEED Sertifikas\u0131, BREAM Sertifikas\u0131, EDGE Sertifikas\u0131, DGNB Sertifikas\u0131, \u00c7EDB\u0130K Sertifikas\u0131","publisher":{"@id":"https:\/\/turkeco.com\/en\/#organization"},"potentialAction":[{"@type":"SearchAction","target":{"@type":"EntryPoint","urlTemplate":"https:\/\/turkeco.com\/en\/?s={search_term_string}"},"query-input":{"@type":"PropertyValueSpecification","valueRequired":true,"valueName":"search_term_string"}}],"inLanguage":"en-US"},{"@type":"Organization","@id":"https:\/\/turkeco.com\/en\/#organization","name":"Turkeco Ye\u015fil Bina Dan\u0131\u015fmanl\u0131\u011f\u0131","url":"https:\/\/turkeco.com\/en\/","logo":{"@type":"ImageObject","inLanguage":"en-US","@id":"https:\/\/turkeco.com\/en\/#\/schema\/logo\/image\/","url":"https:\/\/turkeco.com\/wp-content\/uploads\/2019\/07\/Logo-retina-80.png","contentUrl":"https:\/\/turkeco.com\/wp-content\/uploads\/2019\/07\/Logo-retina-80.png","width":204,"height":80,"caption":"Turkeco Ye\u015fil Bina Dan\u0131\u015fmanl\u0131\u011f\u0131"},"image":{"@id":"https:\/\/turkeco.com\/en\/#\/schema\/logo\/image\/"}}]}},"_links":{"self":[{"href":"https:\/\/turkeco.com\/en\/wp-json\/wp\/v2\/pages\/1821","targetHints":{"allow":["GET"]}}],"collection":[{"href":"https:\/\/turkeco.com\/en\/wp-json\/wp\/v2\/pages"}],"about":[{"href":"https:\/\/turkeco.com\/en\/wp-json\/wp\/v2\/types\/page"}],"author":[{"embeddable":true,"href":"https:\/\/turkeco.com\/en\/wp-json\/wp\/v2\/users\/1"}],"replies":[{"embeddable":true,"href":"https:\/\/turkeco.com\/en\/wp-json\/wp\/v2\/comments?post=1821"}],"version-history":[{"count":0,"href":"https:\/\/turkeco.com\/en\/wp-json\/wp\/v2\/pages\/1821\/revisions"}],"wp:attachment":[{"href":"https:\/\/turkeco.com\/en\/wp-json\/wp\/v2\/media?parent=1821"}],"curies":[{"name":"wp","href":"https:\/\/api.w.org\/{rel}","templated":true}]}}